{"id":20104,"date":"2025-03-24T14:40:20","date_gmt":"2025-03-24T13:40:20","guid":{"rendered":"https:\/\/www.charmig.nl\/?post_type=product&#038;p=20104"},"modified":"2026-04-23T09:36:53","modified_gmt":"2026-04-23T07:36:53","slug":"vintage-dressoir-schuifdeuren-eiken-deens-design","status":"publish","type":"product","link":"https:\/\/www.charmig.nl\/fr\/produit\/archives\/vintage-dressoir-schuifdeuren-eiken-deens-design\/","title":{"rendered":"Buffet vintage | Portes coulissantes | Ch\u00eane | Design danois"},"content":{"rendered":"","protected":false},"excerpt":{"rendered":"Ce buffet vintage est fabriqu\u00e9 en ch\u00eane au Danemark par Hundevad. Le meuble a une allure folle gr\u00e2ce \u00e0 la couleur chaude du ch\u00eane et aux belles poign\u00e9es incrust\u00e9es. Le buffet a une taille id\u00e9ale pour \u00eatre utilis\u00e9 comme meuble TV. Le meuble poss\u00e8de deux portes coulissantes dot\u00e9es de belles poign\u00e9es. Derri\u00e8re la porte coulissante de gauche se trouvent une \u00e9tag\u00e8re et un petit tiroir. Derri\u00e8re l'autre porte se trouvent deux \u00e9tag\u00e8res r\u00e9glables.\r\n\r\nP\u00e9riode de cr\u00e9ation : 1950 - 1960\r\nStyle : Mid century modern - Scandinavian design - Japandi\r\nMat\u00e9riau : Ch\u00eane\r\n\u00c9tat : En bon \u00e9tat, avec de l\u00e9g\u00e8res traces d'utilisation correspondant \u00e0 l'\u00e2ge du meuble. De petits dommages sont visibles sur les photos.\r\nDesigner : Hundevad (estampill\u00e9 au dos)\r\n\r\nDimensions : Largeur : 138 cm :\r\nLargeur : 138 cm\r\nProfondeur : 42 cm\r\nHauteur : 75 cm\r\n\r\n<em>Num\u00e9ro d'article : 211414<\/em>","protected":false},"featured_media":20125,"template":"","meta":{"_acf_changed":false},"product_brand":[],"product_cat":[103],"product_tag":[],"class_list":{"0":"post-20104","1":"product","2":"type-product","3":"status-publish","4":"has-post-thumbnail","6":"product_cat-archief","7":"product_shipping_class-koerier","9":"first","10":"outofstock","11":"shipping-taxable","12":"product-type-simple"},"composite_virtual":false,"composite_layout":"","composite_add_to_cart_form_location":"","composite_editable_in_cart":false,"composite_sold_individually_context":"","composite_shop_price_calc":"","composite_components":[],"composite_scenarios":[],"exclude_global_add_ons":[],"addons":[],"acf":[],"yoast_head":null,"yoast_head_json":null,"_links":{"self":[{"href":"https:\/\/www.charmig.nl\/fr\/wp-json\/wp\/v2\/product\/20104","targetHints":{"allow":["GET"]}}],"collection":[{"href":"https:\/\/www.charmig.nl\/fr\/wp-json\/wp\/v2\/product"}],"about":[{"href":"https:\/\/www.charmig.nl\/fr\/wp-json\/wp\/v2\/types\/product"}],"wp:featuredmedia":[{"embeddable":true,"href":"https:\/\/www.charmig.nl\/fr\/wp-json\/wp\/v2\/media\/20125"}],"wp:attachment":[{"href":"https:\/\/www.charmig.nl\/fr\/wp-json\/wp\/v2\/media?parent=20104"}],"wp:term":[{"taxonomy":"product_brand","embeddable":true,"href":"https:\/\/www.charmig.nl\/fr\/wp-json\/wp\/v2\/product_brand?post=20104"},{"taxonomy":"product_cat","embeddable":true,"href":"https:\/\/www.charmig.nl\/fr\/wp-json\/wp\/v2\/product_cat?post=20104"},{"taxonomy":"product_tag","embeddable":true,"href":"https:\/\/www.charmig.nl\/fr\/wp-json\/wp\/v2\/product_tag?post=20104"}],"curies":[{"name":"wp","href":"https:\/\/api.w.org\/{rel}","templated":true}]}}