{"id":20128,"date":"2025-03-24T16:20:16","date_gmt":"2025-03-24T15:20:16","guid":{"rendered":"https:\/\/www.charmig.nl\/?post_type=product&#038;p=20128"},"modified":"2026-04-23T09:36:53","modified_gmt":"2026-04-23T07:36:53","slug":"vintage-ronde-eettafel-teak-uitschuifbaar-2","status":"publish","type":"product","link":"https:\/\/www.charmig.nl\/fr\/produit\/archives\/vintage-ronde-eettafel-teak-uitschuifbaar-2\/","title":{"rendered":"Table de salle \u00e0 manger ronde vintage | Teck | extensible"},"content":{"rendered":"","protected":false},"excerpt":{"rendered":"Apportez \u00e9l\u00e9gance et fonctionnalit\u00e9 \u00e0 votre int\u00e9rieur avec cette table \u00e0 manger vintage ! La table \u00e0 manger ronde pour 4 personnes peut \u00eatre transform\u00e9e en table \u00e0 manger pour au moins 8 personnes.\r\n\r\nLes deux rallonges sont faciles \u00e0 ajouter et \u00e0 enlever. La table de salle \u00e0 manger vintage pr\u00e9sente de belles marques sur le plateau et d\u00e9gage beaucoup de luxe. Il suffit de regarder les pieds arrondis et le plateau. Les feuilles interm\u00e9diaires sont \u00e0 peine d\u00e9color\u00e9es, de sorte que vous pouvez \u00e9galement placer la table joliment \u00e9tendue dans votre maison.\r\n\r\nP\u00e9riode de cr\u00e9ation : 1950-1960\r\nStyle : moderne du milieu du si\u00e8cle, design scandinave\r\n\u00c9tat : En bon \u00e9tat, avec de l\u00e9g\u00e8res traces d'utilisation correspondant \u00e0 l'\u00e2ge de la table.\r\n\r\nDimensions de la table.\r\nDiam\u00e8tre : 122 cm\r\nD\u00e9ploy\u00e9e avec 1 plateau : 172 cm\r\nD\u00e9ploy\u00e9e avec 2 plateaux : 222 cm\r\nHauteur : 72 cm\r\n\r\n<em>Num\u00e9ro d'article : 211578<\/em>","protected":false},"featured_media":20137,"template":"","meta":{"_acf_changed":false},"product_brand":[],"product_cat":[103],"product_tag":[],"class_list":{"0":"post-20128","1":"product","2":"type-product","3":"status-publish","4":"has-post-thumbnail","6":"product_cat-archief","7":"product_shipping_class-koerier","9":"first","10":"outofstock","11":"shipping-taxable","12":"purchasable","13":"product-type-simple"},"composite_virtual":false,"composite_layout":"","composite_add_to_cart_form_location":"","composite_editable_in_cart":false,"composite_sold_individually_context":"","composite_shop_price_calc":"","composite_components":[],"composite_scenarios":[],"exclude_global_add_ons":[],"addons":[],"acf":[],"yoast_head":null,"yoast_head_json":null,"_links":{"self":[{"href":"https:\/\/www.charmig.nl\/fr\/wp-json\/wp\/v2\/product\/20128","targetHints":{"allow":["GET"]}}],"collection":[{"href":"https:\/\/www.charmig.nl\/fr\/wp-json\/wp\/v2\/product"}],"about":[{"href":"https:\/\/www.charmig.nl\/fr\/wp-json\/wp\/v2\/types\/product"}],"wp:featuredmedia":[{"embeddable":true,"href":"https:\/\/www.charmig.nl\/fr\/wp-json\/wp\/v2\/media\/20137"}],"wp:attachment":[{"href":"https:\/\/www.charmig.nl\/fr\/wp-json\/wp\/v2\/media?parent=20128"}],"wp:term":[{"taxonomy":"product_brand","embeddable":true,"href":"https:\/\/www.charmig.nl\/fr\/wp-json\/wp\/v2\/product_brand?post=20128"},{"taxonomy":"product_cat","embeddable":true,"href":"https:\/\/www.charmig.nl\/fr\/wp-json\/wp\/v2\/product_cat?post=20128"},{"taxonomy":"product_tag","embeddable":true,"href":"https:\/\/www.charmig.nl\/fr\/wp-json\/wp\/v2\/product_tag?post=20128"}],"curies":[{"name":"wp","href":"https:\/\/api.w.org\/{rel}","templated":true}]}}