{"id":20152,"date":"2025-03-26T13:17:21","date_gmt":"2025-03-26T12:17:21","guid":{"rendered":"https:\/\/www.charmig.nl\/?post_type=product&#038;p=20152"},"modified":"2026-02-24T09:02:10","modified_gmt":"2026-02-24T08:02:10","slug":"vintage-deens-ovale-eettafel-palissander-uitschuifbaar","status":"publish","type":"product","link":"https:\/\/www.charmig.nl\/fr\/produit\/archives\/vintage-deens-ovale-eettafel-palissander-uitschuifbaar\/","title":{"rendered":"Table de salle \u00e0 manger ovale danoise vintage | Bois de rose | Extensible"},"content":{"rendered":"","protected":false},"excerpt":{"rendered":"Cette table de salle \u00e0 manger danoise a \u00e9t\u00e9 con\u00e7ue par Oman Junn dans les ann\u00e9es 1960. Avec cette belle table, vous apportez \u00e9l\u00e9gance et fonctionnalit\u00e9 \u00e0 votre int\u00e9rieur ! Cette forme particuli\u00e8re de table de salle \u00e0 manger n'est pas fr\u00e9quente dans les tables vintage. La table \u00e0 manger danoise ovale pour 4 personnes peut \u00eatre transform\u00e9e en table \u00e0 manger pour 8 personnes.\r\n\r\nLes deux rallonges sont faciles \u00e0 ajouter et \u00e0 enlever. La table de salle \u00e0 manger vintage pr\u00e9sente de belles marques sur le plateau et d\u00e9gage beaucoup de luxe. Il suffit de regarder la belle forme des pieds et le chic du plateau. Les feuilles interm\u00e9diaires sont l\u00e9g\u00e8rement d\u00e9color\u00e9es.\r\n\r\nP\u00e9riode de cr\u00e9ation : 1950-1960\r\nStyle : moderne du milieu du si\u00e8cle, design scandinave, design danois\r\n\u00c9tat : En bon \u00e9tat, avec de l\u00e9g\u00e8res traces d'utilisation correspondant \u00e0 l'\u00e2ge de la table.\r\nDesigner : Oman Junn\r\n\r\nLes dimensions\r\nLargeur : 105 cm\r\nLongueur : 158 cm\r\nRallong\u00e9 avec 1 plateau : 208 cm\r\nD\u00e9ploy\u00e9 avec 2 vantaux : 258 cm\r\nHauteur : 72 cm\r\n\r\n<em>Num\u00e9ro d'article : 211572<\/em>","protected":false},"featured_media":20174,"template":"","meta":{"_acf_changed":false},"product_brand":[],"product_cat":[103],"product_tag":[],"class_list":{"0":"post-20152","1":"product","2":"type-product","3":"status-publish","4":"has-post-thumbnail","6":"product_cat-archief","7":"product_shipping_class-koerier","9":"first","10":"outofstock","11":"shipping-taxable","12":"purchasable","13":"product-type-simple"},"composite_virtual":false,"composite_layout":"","composite_add_to_cart_form_location":"","composite_editable_in_cart":false,"composite_sold_individually_context":"","composite_shop_price_calc":"","composite_components":[],"composite_scenarios":[],"exclude_global_add_ons":[],"addons":[],"acf":[],"yoast_head":null,"yoast_head_json":null,"_links":{"self":[{"href":"https:\/\/www.charmig.nl\/fr\/wp-json\/wp\/v2\/product\/20152","targetHints":{"allow":["GET"]}}],"collection":[{"href":"https:\/\/www.charmig.nl\/fr\/wp-json\/wp\/v2\/product"}],"about":[{"href":"https:\/\/www.charmig.nl\/fr\/wp-json\/wp\/v2\/types\/product"}],"wp:featuredmedia":[{"embeddable":true,"href":"https:\/\/www.charmig.nl\/fr\/wp-json\/wp\/v2\/media\/20174"}],"wp:attachment":[{"href":"https:\/\/www.charmig.nl\/fr\/wp-json\/wp\/v2\/media?parent=20152"}],"wp:term":[{"taxonomy":"product_brand","embeddable":true,"href":"https:\/\/www.charmig.nl\/fr\/wp-json\/wp\/v2\/product_brand?post=20152"},{"taxonomy":"product_cat","embeddable":true,"href":"https:\/\/www.charmig.nl\/fr\/wp-json\/wp\/v2\/product_cat?post=20152"},{"taxonomy":"product_tag","embeddable":true,"href":"https:\/\/www.charmig.nl\/fr\/wp-json\/wp\/v2\/product_tag?post=20152"}],"curies":[{"name":"wp","href":"https:\/\/api.w.org\/{rel}","templated":true}]}}