{"id":20248,"date":"2025-04-03T19:23:58","date_gmt":"2025-04-03T17:23:58","guid":{"rendered":"https:\/\/www.charmig.nl\/?post_type=product&#038;p=20248"},"modified":"2026-04-23T09:36:54","modified_gmt":"2026-04-23T07:36:54","slug":"vintage-eettafel-rond-teak-uitschuifbaar-115-cm","status":"publish","type":"product","link":"https:\/\/www.charmig.nl\/fr\/produit\/archives\/vintage-eettafel-rond-teak-uitschuifbaar-115-cm\/","title":{"rendered":"Table de salle \u00e0 manger vintage | Ronde | Teck | extensible | 115 cm"},"content":{"rendered":"","protected":false},"excerpt":{"rendered":"Cette table de salle \u00e0 manger vintage vient du Danemark et est extensible. La table est fabriqu\u00e9e en teck. La table de salle \u00e0 manger ronde peut \u00eatre rallong\u00e9e \u00e0 l'aide de 2 allonges interm\u00e9diaires. Cela transforme la table ronde compacte en une table pour au moins 8 personnes de plus de 2 m\u00e8tres de long. Le plateau de la table vintage est tr\u00e8s fin, ce qui lui conf\u00e8re un aspect \u00e9l\u00e9gant.\r\n\r\nP\u00e9riode de conception : 1950-1960\r\nStyle : moderne du milieu du si\u00e8cle, design scandinave, design danois\r\nCondition : En bon \u00e9tat, le plateau pr\u00e9sente quelques d\u00e9colorations.\r\n\r\nDimensions de l'objet\r\nDiam\u00e8tre : 115 cm\r\nD\u00e9pli\u00e9 avec 1 plateau : 164 cm\r\nD\u00e9ploy\u00e9 avec 2 feuilles : 213 cm\r\nHauteur : 73 cm\r\n\r\n<em>Num\u00e9ro d'article : 211582<\/em>","protected":false},"featured_media":20251,"template":"","meta":{"_acf_changed":false},"product_brand":[],"product_cat":[103],"product_tag":[],"class_list":{"0":"post-20248","1":"product","2":"type-product","3":"status-publish","4":"has-post-thumbnail","6":"product_cat-archief","7":"product_shipping_class-koerier","9":"first","10":"outofstock","11":"shipping-taxable","12":"purchasable","13":"product-type-simple"},"composite_virtual":false,"composite_layout":"","composite_add_to_cart_form_location":"","composite_editable_in_cart":false,"composite_sold_individually_context":"","composite_shop_price_calc":"","composite_components":[],"composite_scenarios":[],"exclude_global_add_ons":[],"addons":[],"acf":[],"yoast_head":null,"yoast_head_json":null,"_links":{"self":[{"href":"https:\/\/www.charmig.nl\/fr\/wp-json\/wp\/v2\/product\/20248","targetHints":{"allow":["GET"]}}],"collection":[{"href":"https:\/\/www.charmig.nl\/fr\/wp-json\/wp\/v2\/product"}],"about":[{"href":"https:\/\/www.charmig.nl\/fr\/wp-json\/wp\/v2\/types\/product"}],"wp:featuredmedia":[{"embeddable":true,"href":"https:\/\/www.charmig.nl\/fr\/wp-json\/wp\/v2\/media\/20251"}],"wp:attachment":[{"href":"https:\/\/www.charmig.nl\/fr\/wp-json\/wp\/v2\/media?parent=20248"}],"wp:term":[{"taxonomy":"product_brand","embeddable":true,"href":"https:\/\/www.charmig.nl\/fr\/wp-json\/wp\/v2\/product_brand?post=20248"},{"taxonomy":"product_cat","embeddable":true,"href":"https:\/\/www.charmig.nl\/fr\/wp-json\/wp\/v2\/product_cat?post=20248"},{"taxonomy":"product_tag","embeddable":true,"href":"https:\/\/www.charmig.nl\/fr\/wp-json\/wp\/v2\/product_tag?post=20248"}],"curies":[{"name":"wp","href":"https:\/\/api.w.org\/{rel}","templated":true}]}}