{"id":20289,"date":"2025-04-03T20:40:45","date_gmt":"2025-04-03T18:40:45","guid":{"rendered":"https:\/\/www.charmig.nl\/?post_type=product&#038;p=20289"},"modified":"2026-04-23T09:36:54","modified_gmt":"2026-04-23T07:36:54","slug":"vintage-highboard-boekenkast-secretaire-brouer","status":"publish","type":"product","link":"https:\/\/www.charmig.nl\/fr\/product\/archief\/vintage-highboard-boekenkast-secretaire-brouer\/","title":{"rendered":"Meuble haut vintage | Biblioth\u00e8que | Secretaire | Brouer"},"content":{"rendered":"","protected":false},"excerpt":{"rendered":"Ce magnifique meuble haut a \u00e9t\u00e9 con\u00e7u par Brouer au Danemark. Ce meuble est polyvalent, de la biblioth\u00e8que au secr\u00e9taire ! Vous y trouverez de la place pour des livres ou de jolies choses, vous pourrez la transformer en bureau en un rien de temps et vous aurez suffisamment d'espace de rangement dans les tiroirs. L'armoire dispose de 4 compartiments en haut et d'un rabat en dessous pour la transformer en secr\u00e9taire vintage. Derri\u00e8re l'abattant, vous trouverez 4 compartiments et 4 petits tiroirs. En bas, vous trouverez 10 tiroirs. Vous disposez ainsi d'un espace de rangement suffisant pour toutes vos affaires.\r\n\r\nCe meuble haut vintage est fabriqu\u00e9 en placage de teck chaud. Le meuble vintage a une belle finition, il suffit de regarder les poign\u00e9es ! Un meuble multifonctionnel pour tous vos livres et pour mettre vos jolies pierres pr\u00e9cieuses.\r\n\r\nP\u00e9riode de cr\u00e9ation : 1950-1960\r\nStyle : moderne du milieu du si\u00e8cle - design danois\r\nMat\u00e9riau : Teck, ch\u00eane\r\n\u00c9tat : En tr\u00e8s bon \u00e9tat\r\nDesigner : Brouer\r\n\r\nLes dimensions\r\nHauteur : 185 cm\r\nLargeur : 100 cm\r\nProfondeur : 50 cm\r\n\r\n<em>Num\u00e9ro d'article : 211585<\/em>","protected":false},"featured_media":20290,"template":"","meta":{"_acf_changed":false},"product_brand":[],"product_cat":[103],"product_tag":[],"class_list":{"0":"post-20289","1":"product","2":"type-product","3":"status-publish","4":"has-post-thumbnail","6":"product_cat-archief","7":"product_shipping_class-koerier","9":"first","10":"outofstock","11":"shipping-taxable","12":"purchasable","13":"product-type-simple"},"composite_virtual":false,"composite_layout":"","composite_add_to_cart_form_location":"","composite_editable_in_cart":false,"composite_sold_individually_context":"","composite_shop_price_calc":"","composite_components":[],"composite_scenarios":[],"exclude_global_add_ons":[],"addons":[],"acf":[],"yoast_head":null,"yoast_head_json":null,"_links":{"self":[{"href":"https:\/\/www.charmig.nl\/fr\/wp-json\/wp\/v2\/product\/20289","targetHints":{"allow":["GET"]}}],"collection":[{"href":"https:\/\/www.charmig.nl\/fr\/wp-json\/wp\/v2\/product"}],"about":[{"href":"https:\/\/www.charmig.nl\/fr\/wp-json\/wp\/v2\/types\/product"}],"wp:featuredmedia":[{"embeddable":true,"href":"https:\/\/www.charmig.nl\/fr\/wp-json\/wp\/v2\/media\/20290"}],"wp:attachment":[{"href":"https:\/\/www.charmig.nl\/fr\/wp-json\/wp\/v2\/media?parent=20289"}],"wp:term":[{"taxonomy":"product_brand","embeddable":true,"href":"https:\/\/www.charmig.nl\/fr\/wp-json\/wp\/v2\/product_brand?post=20289"},{"taxonomy":"product_cat","embeddable":true,"href":"https:\/\/www.charmig.nl\/fr\/wp-json\/wp\/v2\/product_cat?post=20289"},{"taxonomy":"product_tag","embeddable":true,"href":"https:\/\/www.charmig.nl\/fr\/wp-json\/wp\/v2\/product_tag?post=20289"}],"curies":[{"name":"wp","href":"https:\/\/api.w.org\/{rel}","templated":true}]}}