{"id":20418,"date":"2025-05-11T20:53:22","date_gmt":"2025-05-11T18:53:22","guid":{"rendered":"https:\/\/www.charmig.nl\/?post_type=product&#038;p=20418"},"modified":"2026-04-23T09:36:56","modified_gmt":"2026-04-23T07:36:56","slug":"vintage-deense-ladekast-teak-6-lades-122-cm-2","status":"publish","type":"product","link":"https:\/\/www.charmig.nl\/fr\/product\/archief\/vintage-deense-ladekast-teak-6-lades-122-cm-2\/","title":{"rendered":"Commode danoise vintage | Teck | 6 tiroirs | 122 cm"},"content":{"rendered":"","protected":false},"excerpt":{"rendered":"Cette commode vintage vient du Danemark et a \u00e9t\u00e9 con\u00e7ue par Klaus Okholm. Ce meuble offre beaucoup d'espace de rangement et se distingue par sa couleur teck chaude et les \u00e9l\u00e9gantes poign\u00e9es en bois des tiroirs. La commode comporte 6 tiroirs, dont le tiroir sup\u00e9rieur peut \u00eatre ferm\u00e9 \u00e0 cl\u00e9.\r\n\r\nP\u00e9riode de conception : 1950 - 1960\r\nStyle : moderne du milieu du si\u00e8cle - design danois - design scandinave\r\nMat\u00e9riau : Teck\r\n\u00c9tat : En tr\u00e8s bon \u00e9tat\r\nDesigner : Klaus Okholm\r\n\r\nLes dimensions\r\nHauteur : 122 cm\r\nLargeur : 82 cm\r\nProfondeur : 44 cm\r\n\r\n<em>Num\u00e9ro d'article : 211597<\/em>","protected":false},"featured_media":20419,"template":"","meta":{"_acf_changed":false},"product_brand":[],"product_cat":[103],"product_tag":[],"class_list":{"0":"post-20418","1":"product","2":"type-product","3":"status-publish","4":"has-post-thumbnail","6":"product_cat-archief","7":"product_shipping_class-koerier","9":"first","10":"outofstock","11":"shipping-taxable","12":"purchasable","13":"product-type-simple"},"composite_virtual":false,"composite_layout":"","composite_add_to_cart_form_location":"","composite_editable_in_cart":false,"composite_sold_individually_context":"","composite_shop_price_calc":"","composite_components":[],"composite_scenarios":[],"exclude_global_add_ons":[],"addons":[],"acf":[],"yoast_head":null,"yoast_head_json":null,"_links":{"self":[{"href":"https:\/\/www.charmig.nl\/fr\/wp-json\/wp\/v2\/product\/20418","targetHints":{"allow":["GET"]}}],"collection":[{"href":"https:\/\/www.charmig.nl\/fr\/wp-json\/wp\/v2\/product"}],"about":[{"href":"https:\/\/www.charmig.nl\/fr\/wp-json\/wp\/v2\/types\/product"}],"wp:featuredmedia":[{"embeddable":true,"href":"https:\/\/www.charmig.nl\/fr\/wp-json\/wp\/v2\/media\/20419"}],"wp:attachment":[{"href":"https:\/\/www.charmig.nl\/fr\/wp-json\/wp\/v2\/media?parent=20418"}],"wp:term":[{"taxonomy":"product_brand","embeddable":true,"href":"https:\/\/www.charmig.nl\/fr\/wp-json\/wp\/v2\/product_brand?post=20418"},{"taxonomy":"product_cat","embeddable":true,"href":"https:\/\/www.charmig.nl\/fr\/wp-json\/wp\/v2\/product_cat?post=20418"},{"taxonomy":"product_tag","embeddable":true,"href":"https:\/\/www.charmig.nl\/fr\/wp-json\/wp\/v2\/product_tag?post=20418"}],"curies":[{"name":"wp","href":"https:\/\/api.w.org\/{rel}","templated":true}]}}