{"id":20442,"date":"2025-05-12T18:56:45","date_gmt":"2025-05-12T16:56:45","guid":{"rendered":"https:\/\/www.charmig.nl\/?post_type=product&#038;p=20442"},"modified":"2026-04-23T09:36:56","modified_gmt":"2026-04-23T07:36:56","slug":"6-x-niels-otto-moller-eetkamerstoelen-model-83-papercord-teak","status":"publish","type":"product","link":"https:\/\/www.charmig.nl\/fr\/product\/archief\/6-x-niels-otto-moller-eetkamerstoelen-model-83-papercord-teak\/","title":{"rendered":"6 x chaises de salle \u00e0 manger Niels Otto M\u00f8ller | Mod\u00e8le 83 | Papercord | Teck"},"content":{"rendered":"","protected":false},"excerpt":{"rendered":"Ensemble de 6 belles et rares chaises de salle \u00e0 manger vintage danoises. Ces chaises ont \u00e9t\u00e9 con\u00e7ues par Niels Otto M\u00f8ller. Il s'agit du mod\u00e8le 83, un design fou. Un classique intemporel ! Les chaises sont finies en teck et \u00e9quip\u00e9es de nouveaux cordons en papier.\r\n\r\n    P\u00e9riode de cr\u00e9ation : 1950 - 1960\r\n    Style : moderne du milieu du si\u00e8cle - design danois - design scandinave\r\n    Mat\u00e9riau : Teck, Papercord\r\n    \u00c9tat : Restaur\u00e9, les cadres sont v\u00e9rifi\u00e9s et les si\u00e8ges sont recouverts d'un nouveau cordon en papier.\r\n    Designer : Niels Otto M\u00f8ller\r\n    Mod\u00e8le : No. 83\r\n\r\nDimensions : Hauteur : 80 cm :\r\nHauteur : 80 cm\r\nHauteur de l'assise : 46 cm\r\nLargeur : 50 cm\r\nProfondeur : 52 cm\r\n\r\n<em>Num\u00e9ro d'article : 211596<\/em>","protected":false},"featured_media":20444,"template":"","meta":{"_acf_changed":false},"product_brand":[],"product_cat":[103],"product_tag":[],"class_list":{"0":"post-20442","1":"product","2":"type-product","3":"status-publish","4":"has-post-thumbnail","6":"product_cat-archief","7":"product_shipping_class-koerier","9":"first","10":"outofstock","11":"shipping-taxable","12":"purchasable","13":"product-type-simple"},"composite_virtual":false,"composite_layout":"","composite_add_to_cart_form_location":"","composite_editable_in_cart":false,"composite_sold_individually_context":"","composite_shop_price_calc":"","composite_components":[],"composite_scenarios":[],"exclude_global_add_ons":[],"addons":[],"acf":[],"yoast_head":null,"yoast_head_json":null,"_links":{"self":[{"href":"https:\/\/www.charmig.nl\/fr\/wp-json\/wp\/v2\/product\/20442","targetHints":{"allow":["GET"]}}],"collection":[{"href":"https:\/\/www.charmig.nl\/fr\/wp-json\/wp\/v2\/product"}],"about":[{"href":"https:\/\/www.charmig.nl\/fr\/wp-json\/wp\/v2\/types\/product"}],"wp:featuredmedia":[{"embeddable":true,"href":"https:\/\/www.charmig.nl\/fr\/wp-json\/wp\/v2\/media\/20444"}],"wp:attachment":[{"href":"https:\/\/www.charmig.nl\/fr\/wp-json\/wp\/v2\/media?parent=20442"}],"wp:term":[{"taxonomy":"product_brand","embeddable":true,"href":"https:\/\/www.charmig.nl\/fr\/wp-json\/wp\/v2\/product_brand?post=20442"},{"taxonomy":"product_cat","embeddable":true,"href":"https:\/\/www.charmig.nl\/fr\/wp-json\/wp\/v2\/product_cat?post=20442"},{"taxonomy":"product_tag","embeddable":true,"href":"https:\/\/www.charmig.nl\/fr\/wp-json\/wp\/v2\/product_tag?post=20442"}],"curies":[{"name":"wp","href":"https:\/\/api.w.org\/{rel}","templated":true}]}}