{"id":20471,"date":"2025-05-12T19:19:13","date_gmt":"2025-05-12T17:19:13","guid":{"rendered":"https:\/\/www.charmig.nl\/?post_type=product&#038;p=20471"},"modified":"2026-04-23T09:36:57","modified_gmt":"2026-04-23T07:36:57","slug":"vintage-highboard-schuifdeuren-deens-design-169-cm","status":"publish","type":"product","link":"https:\/\/www.charmig.nl\/fr\/product\/archief\/vintage-highboard-schuifdeuren-deens-design-169-cm\/","title":{"rendered":"Planche haute vintage | Portes coulissantes | Design danois | 169 cm"},"content":{"rendered":"","protected":false},"excerpt":{"rendered":"Ce meuble haut vintage est un compl\u00e9ment parfait \u00e0 votre int\u00e9rieur du milieu du si\u00e8cle. Ce meuble se distingue par son design \u00e9l\u00e9gant, de belles poign\u00e9es \u00e0 une finition \u00e9poustouflante. Cette armoire en bois de teck a \u00e9t\u00e9 con\u00e7ue au Danemark dans les ann\u00e9es 1960. Ce meuble vintage offre beaucoup d'espace de rangement derri\u00e8re ses trois portes coulissantes. Derri\u00e8re la porte coulissante de droite, vous trouverez 4 tiroirs et un petit bar comprenant un miroir. Derri\u00e8re les autres portes se trouvent des \u00e9tag\u00e8res. Ce meuble haut est parfait comme vaisselier vintage ou buffet.\r\n\r\n    P\u00e9riode de cr\u00e9ation : 1950 - 1960\r\n    Style : moderne du milieu du si\u00e8cle - design scandinave - design danois\r\n    Mat\u00e9riau : Teck\r\n    Condition : En tr\u00e8s bon \u00e9tat. L\u00e9gers signes d'usure correspondant \u00e0 l'\u00e2ge du meuble.\r\n    Pays d'origine : Danemark\r\n    Designer : Inconnu\r\n\r\nDimensions du meuble :\r\nLargeur : 169 cm\r\nHauteur : 112 cm\r\nProfondeur : 44 cm\r\n\r\nLes articles de la vente d'\u00e9t\u00e9 ne peuvent pas \u00eatre retourn\u00e9s. \r\n\r\n<em>Num\u00e9ro d'article : 211600<\/em>","protected":false},"featured_media":20472,"template":"","meta":{"_acf_changed":false},"product_brand":[],"product_cat":[103],"product_tag":[],"class_list":{"0":"post-20471","1":"product","2":"type-product","3":"status-publish","4":"has-post-thumbnail","6":"product_cat-archief","7":"product_shipping_class-koerier","9":"first","10":"outofstock","11":"shipping-taxable","12":"product-type-simple"},"composite_virtual":false,"composite_layout":"","composite_add_to_cart_form_location":"","composite_editable_in_cart":false,"composite_sold_individually_context":"","composite_shop_price_calc":"","composite_components":[],"composite_scenarios":[],"exclude_global_add_ons":[],"addons":[],"acf":[],"yoast_head":null,"yoast_head_json":null,"_links":{"self":[{"href":"https:\/\/www.charmig.nl\/fr\/wp-json\/wp\/v2\/product\/20471","targetHints":{"allow":["GET"]}}],"collection":[{"href":"https:\/\/www.charmig.nl\/fr\/wp-json\/wp\/v2\/product"}],"about":[{"href":"https:\/\/www.charmig.nl\/fr\/wp-json\/wp\/v2\/types\/product"}],"wp:featuredmedia":[{"embeddable":true,"href":"https:\/\/www.charmig.nl\/fr\/wp-json\/wp\/v2\/media\/20472"}],"wp:attachment":[{"href":"https:\/\/www.charmig.nl\/fr\/wp-json\/wp\/v2\/media?parent=20471"}],"wp:term":[{"taxonomy":"product_brand","embeddable":true,"href":"https:\/\/www.charmig.nl\/fr\/wp-json\/wp\/v2\/product_brand?post=20471"},{"taxonomy":"product_cat","embeddable":true,"href":"https:\/\/www.charmig.nl\/fr\/wp-json\/wp\/v2\/product_cat?post=20471"},{"taxonomy":"product_tag","embeddable":true,"href":"https:\/\/www.charmig.nl\/fr\/wp-json\/wp\/v2\/product_tag?post=20471"}],"curies":[{"name":"wp","href":"https:\/\/api.w.org\/{rel}","templated":true}]}}