{"id":20662,"date":"2025-05-26T20:26:01","date_gmt":"2025-05-26T18:26:01","guid":{"rendered":"https:\/\/www.charmig.nl\/?post_type=product&#038;p=20662"},"modified":"2026-04-23T09:36:59","modified_gmt":"2026-04-23T07:36:59","slug":"vintage-sideboard-dyrlund-1960s-tambourdeurtjes-kopie","status":"publish","type":"product","link":"https:\/\/www.charmig.nl\/fr\/produit\/archives\/vintage-sideboard-dyrlund-1960s-tambourdeurtjes-kopie\/","title":{"rendered":"Buffet vintage | 220 cm Dyrlund | 1960s | Portes \u00e0 tambour"},"content":{"rendered":"","protected":false},"excerpt":{"rendered":"Ce buffet de la marque danoise Dyrlund est d'une qualit\u00e9 exceptionnelle. Le buffet a des coins arrondis et des mat\u00e9riaux sophistiqu\u00e9s.\r\n\r\nLe meuble est dot\u00e9 de deux portes tambour qui coulissent en douceur \u00e0 travers le meuble. Il s'agit d'une sorte de portes coulissantes invisibles qui se courbent \u00e0 travers des encoches minimales dans le bois, un d\u00e9tail unique et magnifique. On reconna\u00eet imm\u00e9diatement la qualit\u00e9 de l'int\u00e9rieur de l'armoire. L'armoire dispose de 3 tiroirs derri\u00e8re les portes coulissantes, ce qui offre un espace de rangement tr\u00e8s pratique.\r\n\r\nUn v\u00e9ritable classique du design des ann\u00e9es 1960 !\r\n\r\nP\u00e9riode de conception : 1950-1960\r\nStyle : Moderne, vintage\r\nMat\u00e9riau : Teck\r\nCondition : En bon \u00e9tat vintage, l\u00e9g\u00e8res marques d'utilisation correspondant \u00e0 l'\u00e2ge du meuble\r\nMarque : Dyrlund\r\n\r\nDimensions : Largeur : 220 cm\r\nLargeur : 220 cm\r\nHauteur : 72 cm\r\nProfondeur : 52 cm\r\n\r\n<em>Num\u00e9ro d'article : 211624<\/em>","protected":false},"featured_media":20673,"template":"","meta":{"_acf_changed":false},"product_brand":[],"product_cat":[103],"product_tag":[],"class_list":{"0":"post-20662","1":"product","2":"type-product","3":"status-publish","4":"has-post-thumbnail","6":"product_cat-archief","8":"first","9":"outofstock","10":"shipping-taxable","11":"purchasable","12":"product-type-simple"},"composite_virtual":false,"composite_layout":"","composite_add_to_cart_form_location":"","composite_editable_in_cart":false,"composite_sold_individually_context":"","composite_shop_price_calc":"","composite_components":[],"composite_scenarios":[],"exclude_global_add_ons":[],"addons":[],"acf":[],"yoast_head":null,"yoast_head_json":null,"_links":{"self":[{"href":"https:\/\/www.charmig.nl\/fr\/wp-json\/wp\/v2\/product\/20662","targetHints":{"allow":["GET"]}}],"collection":[{"href":"https:\/\/www.charmig.nl\/fr\/wp-json\/wp\/v2\/product"}],"about":[{"href":"https:\/\/www.charmig.nl\/fr\/wp-json\/wp\/v2\/types\/product"}],"wp:featuredmedia":[{"embeddable":true,"href":"https:\/\/www.charmig.nl\/fr\/wp-json\/wp\/v2\/media\/20673"}],"wp:attachment":[{"href":"https:\/\/www.charmig.nl\/fr\/wp-json\/wp\/v2\/media?parent=20662"}],"wp:term":[{"taxonomy":"product_brand","embeddable":true,"href":"https:\/\/www.charmig.nl\/fr\/wp-json\/wp\/v2\/product_brand?post=20662"},{"taxonomy":"product_cat","embeddable":true,"href":"https:\/\/www.charmig.nl\/fr\/wp-json\/wp\/v2\/product_cat?post=20662"},{"taxonomy":"product_tag","embeddable":true,"href":"https:\/\/www.charmig.nl\/fr\/wp-json\/wp\/v2\/product_tag?post=20662"}],"curies":[{"name":"wp","href":"https:\/\/api.w.org\/{rel}","templated":true}]}}