{"id":20687,"date":"2025-05-27T13:35:38","date_gmt":"2025-05-27T11:35:38","guid":{"rendered":"https:\/\/www.charmig.nl\/?post_type=product&#038;p=20687"},"modified":"2026-04-23T09:36:59","modified_gmt":"2026-04-23T07:36:59","slug":"vintage-secretaire-boekenkast-teak","status":"publish","type":"product","link":"https:\/\/www.charmig.nl\/fr\/product\/meubels\/kasten\/secretaires\/vintage-secretaire-boekenkast-teak\/","title":{"rendered":"Secr\u00e9taire vintage | Biblioth\u00e8que | Teck"},"content":{"rendered":"","protected":false},"excerpt":{"rendered":"Vous cherchez un poste de travail \u00e9l\u00e9gant ou un meuble d\u00e9coratif ? Ce secr\u00e9taire vintage en teck est peut-\u00eatre ce qu'il vous faut ! Le secr\u00e9taire a \u00e9t\u00e9 fabriqu\u00e9 au Danemark et se distingue par sa hauteur unique. Cela fait de ce meuble non seulement un poste de travail pratique mais aussi un v\u00e9ritable accroche-regard dans votre int\u00e9rieur !\r\n\r\nP\u00e9riode de conception : 1960-1970\r\nStyle : Mid century modern, Vintage, Scandinavian design, Danish design\r\nCondition : En tr\u00e8s bon \u00e9tat, avec de l\u00e9g\u00e8res traces d'utilisation correspondant \u00e0 l'\u00e2ge de l'armoire.\r\nDesigner : inconnu\r\n\r\nLes dimensions\r\nLargeur : 100 cm\r\nHauteur : 155 cm\r\nProfondeur : 40 cm\r\nHauteur de travail : 76 cm\r\n\r\nNum\u00e9ro d'article : 211625","protected":false},"featured_media":20688,"template":"","meta":{"_acf_changed":false},"product_brand":[],"product_cat":[452,181],"product_tag":[],"class_list":{"0":"post-20687","1":"product","2":"type-product","3":"status-publish","4":"has-post-thumbnail","6":"product_cat-sale","7":"product_cat-secretaires","8":"product_shipping_class-koerier","10":"first","11":"instock","12":"sale","13":"shipping-taxable","14":"purchasable","15":"product-type-simple"},"composite_virtual":false,"composite_layout":"","composite_add_to_cart_form_location":"","composite_editable_in_cart":false,"composite_sold_individually_context":"","composite_shop_price_calc":"","composite_components":[],"composite_scenarios":[],"exclude_global_add_ons":[],"addons":[],"acf":[],"yoast_head":null,"yoast_head_json":null,"_links":{"self":[{"href":"https:\/\/www.charmig.nl\/fr\/wp-json\/wp\/v2\/product\/20687","targetHints":{"allow":["GET"]}}],"collection":[{"href":"https:\/\/www.charmig.nl\/fr\/wp-json\/wp\/v2\/product"}],"about":[{"href":"https:\/\/www.charmig.nl\/fr\/wp-json\/wp\/v2\/types\/product"}],"wp:featuredmedia":[{"embeddable":true,"href":"https:\/\/www.charmig.nl\/fr\/wp-json\/wp\/v2\/media\/20688"}],"wp:attachment":[{"href":"https:\/\/www.charmig.nl\/fr\/wp-json\/wp\/v2\/media?parent=20687"}],"wp:term":[{"taxonomy":"product_brand","embeddable":true,"href":"https:\/\/www.charmig.nl\/fr\/wp-json\/wp\/v2\/product_brand?post=20687"},{"taxonomy":"product_cat","embeddable":true,"href":"https:\/\/www.charmig.nl\/fr\/wp-json\/wp\/v2\/product_cat?post=20687"},{"taxonomy":"product_tag","embeddable":true,"href":"https:\/\/www.charmig.nl\/fr\/wp-json\/wp\/v2\/product_tag?post=20687"}],"curies":[{"name":"wp","href":"https:\/\/api.w.org\/{rel}","templated":true}]}}