{"id":20721,"date":"2025-05-28T21:02:24","date_gmt":"2025-05-28T19:02:24","guid":{"rendered":"https:\/\/www.charmig.nl\/?post_type=product&#038;p=20721"},"modified":"2026-04-23T09:36:59","modified_gmt":"2026-04-23T07:36:59","slug":"vintage-deense-ladekast-teak-6-lades-106-cm-3","status":"publish","type":"product","link":"https:\/\/www.charmig.nl\/fr\/product\/archief\/vintage-deense-ladekast-teak-6-lades-106-cm-3\/","title":{"rendered":"Commode danoise vintage | teck | 6 tiroirs | 106 cm"},"content":{"rendered":"","protected":false},"excerpt":{"rendered":"Cette commode vintage du Danemark est un v\u00e9ritable atout pour votre int\u00e9rieur. Gr\u00e2ce \u00e0 son design intemporel et \u00e0 sa finition raffin\u00e9e, cette commode apporte une atmosph\u00e8re instantan\u00e9e \u00e0 votre int\u00e9rieur. Le bois de teck chaud associ\u00e9 aux poign\u00e9es \u00e9l\u00e9gantes cr\u00e9e un look \u00e9l\u00e9gant et plein de caract\u00e8re. Avec ses six tiroirs spacieux, ce meuble offre beaucoup d'espace de rangement.\r\n\r\nP\u00e9riode de conception : 1950 - 1960\r\nStyle : Moderne du milieu du si\u00e8cle - Design danois - Design scandinave\r\nMat\u00e9riau : Teck\r\n\u00c9tat : En bon \u00e9tat\r\nDesigner : Inconnu\r\n\r\nDimensions de l'objet\r\nHauteur : 106 cm\r\nLargeur : 65 cm\r\nProfondeur : 39 cm\r\n\r\n<em>Num\u00e9ro d'article : 211614<\/em>","protected":false},"featured_media":20722,"template":"","meta":{"_acf_changed":false},"product_brand":[],"product_cat":[103],"product_tag":[],"class_list":{"0":"post-20721","1":"product","2":"type-product","3":"status-publish","4":"has-post-thumbnail","6":"product_cat-archief","7":"product_shipping_class-koerier","9":"first","10":"outofstock","11":"shipping-taxable","12":"purchasable","13":"product-type-simple"},"composite_virtual":false,"composite_layout":"","composite_add_to_cart_form_location":"","composite_editable_in_cart":false,"composite_sold_individually_context":"","composite_shop_price_calc":"","composite_components":[],"composite_scenarios":[],"exclude_global_add_ons":[],"addons":[],"acf":[],"yoast_head":null,"yoast_head_json":null,"_links":{"self":[{"href":"https:\/\/www.charmig.nl\/fr\/wp-json\/wp\/v2\/product\/20721","targetHints":{"allow":["GET"]}}],"collection":[{"href":"https:\/\/www.charmig.nl\/fr\/wp-json\/wp\/v2\/product"}],"about":[{"href":"https:\/\/www.charmig.nl\/fr\/wp-json\/wp\/v2\/types\/product"}],"wp:featuredmedia":[{"embeddable":true,"href":"https:\/\/www.charmig.nl\/fr\/wp-json\/wp\/v2\/media\/20722"}],"wp:attachment":[{"href":"https:\/\/www.charmig.nl\/fr\/wp-json\/wp\/v2\/media?parent=20721"}],"wp:term":[{"taxonomy":"product_brand","embeddable":true,"href":"https:\/\/www.charmig.nl\/fr\/wp-json\/wp\/v2\/product_brand?post=20721"},{"taxonomy":"product_cat","embeddable":true,"href":"https:\/\/www.charmig.nl\/fr\/wp-json\/wp\/v2\/product_cat?post=20721"},{"taxonomy":"product_tag","embeddable":true,"href":"https:\/\/www.charmig.nl\/fr\/wp-json\/wp\/v2\/product_tag?post=20721"}],"curies":[{"name":"wp","href":"https:\/\/api.w.org\/{rel}","templated":true}]}}