{"id":20773,"date":"2025-05-30T14:05:27","date_gmt":"2025-05-30T12:05:27","guid":{"rendered":"https:\/\/www.charmig.nl\/?post_type=product&#038;p=20773"},"modified":"2026-04-23T09:37:01","modified_gmt":"2026-04-23T07:37:01","slug":"vintage-ladekast-3-lades-nachtkastje-3","status":"publish","type":"product","link":"https:\/\/www.charmig.nl\/fr\/product\/archief\/vintage-ladekast-3-lades-nachtkastje-3\/","title":{"rendered":"Commode vintage | 3 tiroirs | Table de chevet"},"content":{"rendered":"","protected":false},"excerpt":{"rendered":"Cette charmante commode vintage allie \u00e9l\u00e9gance et design intemporel. Gr\u00e2ce \u00e0 sa taille compacte, le meuble est parfait pour les petits espaces, comme un hall d'entr\u00e9e ou contre un mur \u00e9troit. Le meuble comporte trois tiroirs pratiques et peut \u00e9galement servir de table de chevet vintage \u00e9l\u00e9gante.\r\n\r\nP\u00e9riode de cr\u00e9ation : 1960 - 1970\r\nStyle : moderne du milieu du si\u00e8cle - design danois\r\nMat\u00e9riau : Teck\r\n\u00c9tat : En bon \u00e9tat\r\nDesigner : Inconnu\r\n\r\nLes dimensions\r\nLargeur : 64 cm\r\nProfondeur : 30 cm\r\nHauteur : 65 cm\r\n\r\n<em>Num\u00e9ro d'article : 211631<\/em>","protected":false},"featured_media":20774,"template":"","meta":{"_acf_changed":false},"product_brand":[],"product_cat":[103],"product_tag":[],"class_list":{"0":"post-20773","1":"product","2":"type-product","3":"status-publish","4":"has-post-thumbnail","6":"product_cat-archief","7":"product_shipping_class-koerier","9":"first","10":"outofstock","11":"shipping-taxable","12":"purchasable","13":"product-type-simple"},"composite_virtual":false,"composite_layout":"","composite_add_to_cart_form_location":"","composite_editable_in_cart":false,"composite_sold_individually_context":"","composite_shop_price_calc":"","composite_components":[],"composite_scenarios":[],"exclude_global_add_ons":[],"addons":[],"acf":[],"yoast_head":null,"yoast_head_json":null,"_links":{"self":[{"href":"https:\/\/www.charmig.nl\/fr\/wp-json\/wp\/v2\/product\/20773","targetHints":{"allow":["GET"]}}],"collection":[{"href":"https:\/\/www.charmig.nl\/fr\/wp-json\/wp\/v2\/product"}],"about":[{"href":"https:\/\/www.charmig.nl\/fr\/wp-json\/wp\/v2\/types\/product"}],"wp:featuredmedia":[{"embeddable":true,"href":"https:\/\/www.charmig.nl\/fr\/wp-json\/wp\/v2\/media\/20774"}],"wp:attachment":[{"href":"https:\/\/www.charmig.nl\/fr\/wp-json\/wp\/v2\/media?parent=20773"}],"wp:term":[{"taxonomy":"product_brand","embeddable":true,"href":"https:\/\/www.charmig.nl\/fr\/wp-json\/wp\/v2\/product_brand?post=20773"},{"taxonomy":"product_cat","embeddable":true,"href":"https:\/\/www.charmig.nl\/fr\/wp-json\/wp\/v2\/product_cat?post=20773"},{"taxonomy":"product_tag","embeddable":true,"href":"https:\/\/www.charmig.nl\/fr\/wp-json\/wp\/v2\/product_tag?post=20773"}],"curies":[{"name":"wp","href":"https:\/\/api.w.org\/{rel}","templated":true}]}}