{"id":20822,"date":"2025-06-03T14:58:01","date_gmt":"2025-06-03T12:58:01","guid":{"rendered":"https:\/\/www.charmig.nl\/?post_type=product&#038;p=20822"},"modified":"2026-04-23T09:37:01","modified_gmt":"2026-04-23T07:37:01","slug":"6-x-eetkamerstoelen-niels-otto-moller-model-84-67-eiken-gerestaureerd","status":"publish","type":"product","link":"https:\/\/www.charmig.nl\/fr\/product\/meubels\/zitmeubelen\/eetkamerstoelen\/6-x-eetkamerstoelen-niels-otto-moller-model-84-67-eiken-gerestaureerd\/","title":{"rendered":"6 x Chaises de salle \u00e0 manger | Niels Otto M\u00f8ller | Mod\u00e8le 84 &amp; 67 | Ch\u00eane | Restaur\u00e9"},"content":{"rendered":"","protected":false},"excerpt":{"rendered":"Set van 6 zeer fraaie vintage eetkamerstoelen. Deze stoelen zijn ontworpen door Niels Otto Moller. Het gaat om 4 keer model 67 en 2 keer model 84. De stoelen zijn uitgevoerd in gezeept eiken en voorzien van nieuw Deens Papercord.\r\n\r\nOntwerp periode: 1950 &#8211; 1960\r\nStijl: Mid century modern &#8211; Deens design &#8211; Scandinavisch design\r\nMateriaal: Gezeept eiken, Deens papercord\r\nConditie: Gerestaureerd, frames nagekeken, opnieuw gezeept en voorzien van nieuw Deens papercord\r\nOntwerper: Niels Otto Moller\r\nMerk: JL Mollers Mobelfabrik\r\n\r\nAfmetingen Model 67:\r\nBreedte: 57 cm\r\nHoogte: 78 cm\r\nDiepte: 54 cm\r\nZithoogte: 46 cm\r\n\r\nAfmetingen Model 84|\r\nBreedte: 50 cm\r\nHoogte 79 cm\r\nDiepte: 51 cm\r\nZithoogte: 46 cm\r\n\r\nArtikelnummer: 211632","protected":false},"featured_media":20824,"template":"","meta":{"_acf_changed":false},"product_brand":[],"product_cat":[117],"product_tag":[],"class_list":{"0":"post-20822","1":"product","2":"type-product","3":"status-publish","4":"has-post-thumbnail","6":"product_cat-eetkamerstoelen","7":"product_shipping_class-koerier","9":"first","10":"instock","11":"shipping-taxable","12":"purchasable","13":"product-type-simple"},"composite_virtual":false,"composite_layout":"","composite_add_to_cart_form_location":"","composite_editable_in_cart":false,"composite_sold_individually_context":"","composite_shop_price_calc":"","composite_components":[],"composite_scenarios":[],"exclude_global_add_ons":[],"addons":[],"acf":[],"yoast_head":null,"yoast_head_json":null,"_links":{"self":[{"href":"https:\/\/www.charmig.nl\/fr\/wp-json\/wp\/v2\/product\/20822","targetHints":{"allow":["GET"]}}],"collection":[{"href":"https:\/\/www.charmig.nl\/fr\/wp-json\/wp\/v2\/product"}],"about":[{"href":"https:\/\/www.charmig.nl\/fr\/wp-json\/wp\/v2\/types\/product"}],"wp:featuredmedia":[{"embeddable":true,"href":"https:\/\/www.charmig.nl\/fr\/wp-json\/wp\/v2\/media\/20824"}],"wp:attachment":[{"href":"https:\/\/www.charmig.nl\/fr\/wp-json\/wp\/v2\/media?parent=20822"}],"wp:term":[{"taxonomy":"product_brand","embeddable":true,"href":"https:\/\/www.charmig.nl\/fr\/wp-json\/wp\/v2\/product_brand?post=20822"},{"taxonomy":"product_cat","embeddable":true,"href":"https:\/\/www.charmig.nl\/fr\/wp-json\/wp\/v2\/product_cat?post=20822"},{"taxonomy":"product_tag","embeddable":true,"href":"https:\/\/www.charmig.nl\/fr\/wp-json\/wp\/v2\/product_tag?post=20822"}],"curies":[{"name":"wp","href":"https:\/\/api.w.org\/{rel}","templated":true}]}}