{"id":20965,"date":"2025-06-13T14:39:07","date_gmt":"2025-06-13T12:39:07","guid":{"rendered":"https:\/\/www.charmig.nl\/?post_type=product&#038;p=20965"},"modified":"2026-04-23T09:37:03","modified_gmt":"2026-04-23T07:37:03","slug":"vintage-dressoir-teak-160-cm","status":"publish","type":"product","link":"https:\/\/www.charmig.nl\/fr\/product\/archief\/vintage-dressoir-teak-160-cm\/","title":{"rendered":"Buffet vintage | Teck | 160 cm"},"content":{"rendered":"","protected":false},"excerpt":{"rendered":"Ce meuble vintage se distingue imm\u00e9diatement par son beau design ; les tiroirs sont dot\u00e9s de poign\u00e9es en bois minimalistes. Le buffet vintage en teck dispose de 3 tiroirs et d'une porte coulissante, offrant ainsi un espace de rangement surprenant. Un buffet vintage fantastique et \u00e9l\u00e9gant, qui s'adapte parfaitement \u00e0 diff\u00e9rents styles d'int\u00e9rieur !\r\n\r\nP\u00e9riode de conception : 1950-1960\r\nStyle : Mid century modern\r\nMat\u00e9riau : Teck\r\nCondition : En bon \u00e9tat vintage, 1 c\u00f4t\u00e9 a 2 petites r\u00e9parations\r\nDesigner : Inconnu\r\n\r\nLes dimensions\r\nLargeur : 160 cm\r\nProfondeur : 48 cm\r\nHauteur : 67 cm\r\n\r\nNum\u00e9ro d'article : 211645","protected":false},"featured_media":20966,"template":"","meta":{"_acf_changed":false},"product_brand":[],"product_cat":[103],"product_tag":[],"class_list":{"0":"post-20965","1":"product","2":"type-product","3":"status-publish","4":"has-post-thumbnail","6":"product_cat-archief","7":"product_shipping_class-koerier","9":"first","10":"outofstock","11":"shipping-taxable","12":"product-type-simple"},"composite_virtual":false,"composite_layout":"","composite_add_to_cart_form_location":"","composite_editable_in_cart":false,"composite_sold_individually_context":"","composite_shop_price_calc":"","composite_components":[],"composite_scenarios":[],"exclude_global_add_ons":[],"addons":[],"acf":[],"yoast_head":null,"yoast_head_json":null,"_links":{"self":[{"href":"https:\/\/www.charmig.nl\/fr\/wp-json\/wp\/v2\/product\/20965","targetHints":{"allow":["GET"]}}],"collection":[{"href":"https:\/\/www.charmig.nl\/fr\/wp-json\/wp\/v2\/product"}],"about":[{"href":"https:\/\/www.charmig.nl\/fr\/wp-json\/wp\/v2\/types\/product"}],"wp:featuredmedia":[{"embeddable":true,"href":"https:\/\/www.charmig.nl\/fr\/wp-json\/wp\/v2\/media\/20966"}],"wp:attachment":[{"href":"https:\/\/www.charmig.nl\/fr\/wp-json\/wp\/v2\/media?parent=20965"}],"wp:term":[{"taxonomy":"product_brand","embeddable":true,"href":"https:\/\/www.charmig.nl\/fr\/wp-json\/wp\/v2\/product_brand?post=20965"},{"taxonomy":"product_cat","embeddable":true,"href":"https:\/\/www.charmig.nl\/fr\/wp-json\/wp\/v2\/product_cat?post=20965"},{"taxonomy":"product_tag","embeddable":true,"href":"https:\/\/www.charmig.nl\/fr\/wp-json\/wp\/v2\/product_tag?post=20965"}],"curies":[{"name":"wp","href":"https:\/\/api.w.org\/{rel}","templated":true}]}}