{"id":20983,"date":"2025-06-16T20:55:58","date_gmt":"2025-06-16T18:55:58","guid":{"rendered":"https:\/\/www.charmig.nl\/?post_type=product&#038;p=20983"},"modified":"2026-04-23T09:37:03","modified_gmt":"2026-04-23T07:37:03","slug":"vintage-buffetkast-peter-lovig-nielsen-boekenkast-palissander","status":"publish","type":"product","link":"https:\/\/www.charmig.nl\/fr\/product\/archief\/vintage-buffetkast-peter-lovig-nielsen-boekenkast-palissander\/","title":{"rendered":"Buffet vintage | Peter L\u00f8vig Nielsen | Biblioth\u00e8que | Bois de rose"},"content":{"rendered":"","protected":false},"excerpt":{"rendered":"Cette \u00e9l\u00e9gante biblioth\u00e8que vintage est une cr\u00e9ation recherch\u00e9e de Peter Lovig Nielsen pour Dansk Designs, r\u00e9alis\u00e9e dans un magnifique bois de rose. L'armoire se compose de deux parties : une armoire sup\u00e9rieure avec des \u00e9tag\u00e8res r\u00e9glables pour les livres ou la d\u00e9coration et une armoire \u00e0 abattant, qui fait \u00e9galement office de bureau. En dessous, vous trouverez un meuble inf\u00e9rieur avec deux portes qui offrent un espace de rangement suppl\u00e9mentaire gr\u00e2ce \u00e0 trois \u00e9tag\u00e8res r\u00e9glables.\r\nLa combinaison de bois de rose chaud avec des poign\u00e9es et des charni\u00e8res en laiton d'une belle patine donne \u00e0 l'armoire du caract\u00e8re et de la classe. Des d\u00e9tails subtils tels que les pieds fusel\u00e9s et les assemblages \u00e0 queue d'aronde raffin\u00e9s t\u00e9moignent du savoir-faire artisanal.\r\n\r\nP\u00e9riode de cr\u00e9ation : 1960-1970\r\nStyle : moderne du milieu du si\u00e8cle - design danois\r\nMat\u00e9riau : Bois de rose\r\n\u00c9tat : En tr\u00e8s bon \u00e9tat, avec des traces d'utilisation correspondant \u00e0 l'\u00e2ge du meuble.\r\nDesigner : Peter Lovig Nielsen\r\n\r\nLes dimensions\r\nHauteur : 178 cm\r\nLargeur : 120 cm\r\nProfondeur : 45 cm\r\n\r\n<em>Num\u00e9ro d'article : 211636<\/em>","protected":false},"featured_media":20984,"template":"","meta":{"_acf_changed":false},"product_brand":[],"product_cat":[103],"product_tag":[],"class_list":{"0":"post-20983","1":"product","2":"type-product","3":"status-publish","4":"has-post-thumbnail","6":"product_cat-archief","7":"product_shipping_class-koerier","9":"first","10":"outofstock","11":"shipping-taxable","12":"purchasable","13":"product-type-simple"},"composite_virtual":false,"composite_layout":"","composite_add_to_cart_form_location":"","composite_editable_in_cart":false,"composite_sold_individually_context":"","composite_shop_price_calc":"","composite_components":[],"composite_scenarios":[],"exclude_global_add_ons":[],"addons":[],"acf":[],"yoast_head":null,"yoast_head_json":null,"_links":{"self":[{"href":"https:\/\/www.charmig.nl\/fr\/wp-json\/wp\/v2\/product\/20983","targetHints":{"allow":["GET"]}}],"collection":[{"href":"https:\/\/www.charmig.nl\/fr\/wp-json\/wp\/v2\/product"}],"about":[{"href":"https:\/\/www.charmig.nl\/fr\/wp-json\/wp\/v2\/types\/product"}],"wp:featuredmedia":[{"embeddable":true,"href":"https:\/\/www.charmig.nl\/fr\/wp-json\/wp\/v2\/media\/20984"}],"wp:attachment":[{"href":"https:\/\/www.charmig.nl\/fr\/wp-json\/wp\/v2\/media?parent=20983"}],"wp:term":[{"taxonomy":"product_brand","embeddable":true,"href":"https:\/\/www.charmig.nl\/fr\/wp-json\/wp\/v2\/product_brand?post=20983"},{"taxonomy":"product_cat","embeddable":true,"href":"https:\/\/www.charmig.nl\/fr\/wp-json\/wp\/v2\/product_cat?post=20983"},{"taxonomy":"product_tag","embeddable":true,"href":"https:\/\/www.charmig.nl\/fr\/wp-json\/wp\/v2\/product_tag?post=20983"}],"curies":[{"name":"wp","href":"https:\/\/api.w.org\/{rel}","templated":true}]}}