{"id":21030,"date":"2025-06-17T13:10:19","date_gmt":"2025-06-17T11:10:19","guid":{"rendered":"https:\/\/www.charmig.nl\/?post_type=product&#038;p=21030"},"modified":"2026-04-23T09:37:04","modified_gmt":"2026-04-23T07:37:04","slug":"vintage-dressoir-japandi-glazen-schuifdeur-tv-meubel","status":"publish","type":"product","link":"https:\/\/www.charmig.nl\/fr\/product\/archief\/vintage-dressoir-japandi-glazen-schuifdeur-tv-meubel\/","title":{"rendered":"Buffet vintage | Japandi | Porte coulissante en verre | Meuble TV | 220 cm"},"content":{"rendered":"","protected":false},"excerpt":{"rendered":"Ce buffet vintage est fini dans une couleur chaude de teck. Le meuble a deux portes coulissantes, dont une en verre. En outre, il y a une armoire qui se ferme \u00e0 cl\u00e9. Tout ceci donne au meuble un aspect tr\u00e8s \u00e9l\u00e9gant et s'int\u00e8gre parfaitement dans un int\u00e9rieur Japandi.  Ce meuble est parfait pour \u00eatre utilis\u00e9 comme meuble TV vintage.\r\n\r\nP\u00e9riode de cr\u00e9ation : 1950-1960\r\nStyle : Mid century modern, Japandi\r\nMat\u00e9riau : Teck\r\nCondition : En tr\u00e8s bon \u00e9tat, petite r\u00e9paration sur le c\u00f4t\u00e9 du meuble\r\nMarque : Sans marque\r\n\r\nDimensions : Hauteur : 77 cm :\r\nHauteur : 77 cm\r\nLargeur : 220 cm\r\nProfondeur : 35 cm\r\n\r\nNum\u00e9ro d'article : 211639","protected":false},"featured_media":21032,"template":"","meta":{"_acf_changed":false},"product_brand":[],"product_cat":[103],"product_tag":[],"class_list":{"0":"post-21030","1":"product","2":"type-product","3":"status-publish","4":"has-post-thumbnail","6":"product_cat-archief","7":"product_shipping_class-koerier","9":"first","10":"outofstock","11":"shipping-taxable","12":"product-type-simple"},"composite_virtual":false,"composite_layout":"","composite_add_to_cart_form_location":"","composite_editable_in_cart":false,"composite_sold_individually_context":"","composite_shop_price_calc":"","composite_components":[],"composite_scenarios":[],"exclude_global_add_ons":[],"addons":[],"acf":[],"yoast_head":null,"yoast_head_json":null,"_links":{"self":[{"href":"https:\/\/www.charmig.nl\/fr\/wp-json\/wp\/v2\/product\/21030","targetHints":{"allow":["GET"]}}],"collection":[{"href":"https:\/\/www.charmig.nl\/fr\/wp-json\/wp\/v2\/product"}],"about":[{"href":"https:\/\/www.charmig.nl\/fr\/wp-json\/wp\/v2\/types\/product"}],"wp:featuredmedia":[{"embeddable":true,"href":"https:\/\/www.charmig.nl\/fr\/wp-json\/wp\/v2\/media\/21032"}],"wp:attachment":[{"href":"https:\/\/www.charmig.nl\/fr\/wp-json\/wp\/v2\/media?parent=21030"}],"wp:term":[{"taxonomy":"product_brand","embeddable":true,"href":"https:\/\/www.charmig.nl\/fr\/wp-json\/wp\/v2\/product_brand?post=21030"},{"taxonomy":"product_cat","embeddable":true,"href":"https:\/\/www.charmig.nl\/fr\/wp-json\/wp\/v2\/product_cat?post=21030"},{"taxonomy":"product_tag","embeddable":true,"href":"https:\/\/www.charmig.nl\/fr\/wp-json\/wp\/v2\/product_tag?post=21030"}],"curies":[{"name":"wp","href":"https:\/\/api.w.org\/{rel}","templated":true}]}}