{"id":21046,"date":"2025-06-17T13:27:01","date_gmt":"2025-06-17T11:27:01","guid":{"rendered":"https:\/\/www.charmig.nl\/?post_type=product&#038;p=21046"},"modified":"2026-04-23T09:37:04","modified_gmt":"2026-04-23T07:37:04","slug":"vintage-eettafel-uitschuifbaar-teak-130-cm-3","status":"publish","type":"product","link":"https:\/\/www.charmig.nl\/fr\/product\/archief\/vintage-eettafel-uitschuifbaar-teak-130-cm-3\/","title":{"rendered":"Table de salle \u00e0 manger vintage | extensible | Teck | 131 cm"},"content":{"rendered":"","protected":false},"excerpt":{"rendered":"Cette table \u00e0 manger extensible vintage polyvalente est tr\u00e8s pratique et tr\u00e8s \u00e9l\u00e9gante. La table en teck peut \u00eatre rallong\u00e9e avec deux sections, qui peuvent \u00eatre facilement rang\u00e9es sous le plateau normal apr\u00e8s utilisation. Vous avez donc toujours de l'espace suppl\u00e9mentaire \u00e0 port\u00e9e de main !\r\n\r\nP\u00e9riode de conception : 1950-1960\r\nStyle : Mid century modern, Scandinavian design\r\nCondition : En bon \u00e9tat vintage, les feuilles d'extension ont une l\u00e9g\u00e8re diff\u00e9rence de couleur avec le dessus.\r\nPays d'origine : Danemark\r\n\r\nDimensions : Largeur : 131 cm.\r\nLargeur : 131 cm\r\nLargeur \u00e9tendue : 231 cm\r\nProfondeur : 86 cm\r\nHauteur : 75 cm\r\n\r\nNum\u00e9ro d'article : 211703","protected":false},"featured_media":21749,"template":"","meta":{"_acf_changed":false},"product_brand":[],"product_cat":[103],"product_tag":[],"class_list":{"0":"post-21046","1":"product","2":"type-product","3":"status-publish","4":"has-post-thumbnail","6":"product_cat-archief","7":"product_shipping_class-koerier","9":"first","10":"outofstock","11":"shipping-taxable","12":"purchasable","13":"product-type-simple"},"composite_virtual":false,"composite_layout":"","composite_add_to_cart_form_location":"","composite_editable_in_cart":false,"composite_sold_individually_context":"","composite_shop_price_calc":"","composite_components":[],"composite_scenarios":[],"exclude_global_add_ons":[],"addons":[],"acf":[],"yoast_head":null,"yoast_head_json":null,"_links":{"self":[{"href":"https:\/\/www.charmig.nl\/fr\/wp-json\/wp\/v2\/product\/21046","targetHints":{"allow":["GET"]}}],"collection":[{"href":"https:\/\/www.charmig.nl\/fr\/wp-json\/wp\/v2\/product"}],"about":[{"href":"https:\/\/www.charmig.nl\/fr\/wp-json\/wp\/v2\/types\/product"}],"wp:featuredmedia":[{"embeddable":true,"href":"https:\/\/www.charmig.nl\/fr\/wp-json\/wp\/v2\/media\/21749"}],"wp:attachment":[{"href":"https:\/\/www.charmig.nl\/fr\/wp-json\/wp\/v2\/media?parent=21046"}],"wp:term":[{"taxonomy":"product_brand","embeddable":true,"href":"https:\/\/www.charmig.nl\/fr\/wp-json\/wp\/v2\/product_brand?post=21046"},{"taxonomy":"product_cat","embeddable":true,"href":"https:\/\/www.charmig.nl\/fr\/wp-json\/wp\/v2\/product_cat?post=21046"},{"taxonomy":"product_tag","embeddable":true,"href":"https:\/\/www.charmig.nl\/fr\/wp-json\/wp\/v2\/product_tag?post=21046"}],"curies":[{"name":"wp","href":"https:\/\/api.w.org\/{rel}","templated":true}]}}