{"id":21091,"date":"2025-06-17T14:54:12","date_gmt":"2025-06-17T12:54:12","guid":{"rendered":"https:\/\/www.charmig.nl\/?post_type=product&#038;p=21091"},"modified":"2026-04-23T09:37:04","modified_gmt":"2026-04-23T07:37:04","slug":"vintage-eettafel-uitschuifbaar-teak-bootmodel","status":"publish","type":"product","link":"https:\/\/www.charmig.nl\/fr\/product\/archief\/vintage-eettafel-uitschuifbaar-teak-bootmodel\/","title":{"rendered":"Table de salle \u00e0 manger vintage | extensible | teck | mod\u00e8le bateau"},"content":{"rendered":"","protected":false},"excerpt":{"rendered":"Cette table de salle \u00e0 manger polyvalente est \u00e0 la fois tr\u00e8s pratique et tr\u00e8s \u00e9l\u00e9gante. Le plateau en forme de bateau est dot\u00e9 d'un bord \u00e0 facettes, ce qui lui conf\u00e8re un aspect sophistiqu\u00e9.\r\n\r\nLa table peut \u00eatre rallong\u00e9e gr\u00e2ce \u00e0 deux sections, qui se rangent facilement sous le plateau normal apr\u00e8s utilisation.  Vous avez donc toujours de l'espace suppl\u00e9mentaire \u00e0 port\u00e9e de main !\r\n\r\nP\u00e9riode de cr\u00e9ation : 1950-1960\r\nStyle : moderne du milieu du si\u00e8cle, design scandinave\r\n\u00c9tat : En bon \u00e9tat vintage, les rallonges ont une l\u00e9g\u00e8re diff\u00e9rence de couleur avec le plateau.\r\nPays d'origine : Danemark\r\nMat\u00e9riau : Teck, h\u00eatre\r\n\r\nDimensions de la table\r\nLargeur : 125 cm\r\nLargeur \u00e9tendue : 241 cm\r\nProfondeur : 90 cm\r\nHauteur : 74 cm\r\n\r\nNum\u00e9ro d'article : 211649","protected":false},"featured_media":21093,"template":"","meta":{"_acf_changed":false},"product_brand":[],"product_cat":[103],"product_tag":[],"class_list":{"0":"post-21091","1":"product","2":"type-product","3":"status-publish","4":"has-post-thumbnail","6":"product_cat-archief","7":"product_shipping_class-koerier","9":"first","10":"outofstock","11":"shipping-taxable","12":"purchasable","13":"product-type-simple"},"composite_virtual":false,"composite_layout":"","composite_add_to_cart_form_location":"","composite_editable_in_cart":false,"composite_sold_individually_context":"","composite_shop_price_calc":"","composite_components":[],"composite_scenarios":[],"exclude_global_add_ons":[],"addons":[],"acf":[],"yoast_head":null,"yoast_head_json":null,"_links":{"self":[{"href":"https:\/\/www.charmig.nl\/fr\/wp-json\/wp\/v2\/product\/21091","targetHints":{"allow":["GET"]}}],"collection":[{"href":"https:\/\/www.charmig.nl\/fr\/wp-json\/wp\/v2\/product"}],"about":[{"href":"https:\/\/www.charmig.nl\/fr\/wp-json\/wp\/v2\/types\/product"}],"wp:featuredmedia":[{"embeddable":true,"href":"https:\/\/www.charmig.nl\/fr\/wp-json\/wp\/v2\/media\/21093"}],"wp:attachment":[{"href":"https:\/\/www.charmig.nl\/fr\/wp-json\/wp\/v2\/media?parent=21091"}],"wp:term":[{"taxonomy":"product_brand","embeddable":true,"href":"https:\/\/www.charmig.nl\/fr\/wp-json\/wp\/v2\/product_brand?post=21091"},{"taxonomy":"product_cat","embeddable":true,"href":"https:\/\/www.charmig.nl\/fr\/wp-json\/wp\/v2\/product_cat?post=21091"},{"taxonomy":"product_tag","embeddable":true,"href":"https:\/\/www.charmig.nl\/fr\/wp-json\/wp\/v2\/product_tag?post=21091"}],"curies":[{"name":"wp","href":"https:\/\/api.w.org\/{rel}","templated":true}]}}