{"id":21290,"date":"2025-07-07T20:04:28","date_gmt":"2025-07-07T18:04:28","guid":{"rendered":"https:\/\/www.charmig.nl\/?post_type=product&#038;p=21290"},"modified":"2026-04-23T09:37:06","modified_gmt":"2026-04-23T07:37:06","slug":"vintage-boekenkastje-palissander-platen-kastje","status":"publish","type":"product","link":"https:\/\/www.charmig.nl\/fr\/produit\/sale\/vintage-boekenkastje-palissander-platen-kastje\/","title":{"rendered":"Biblioth\u00e8que vintage | Bois de rose | \u00c9tui \u00e0 disques"},"content":{"rendered":"","protected":false},"excerpt":{"rendered":"Ben je op zoek naar een vintage kast voor je platen? Zoek dan niet verder! Deze kast is ontworpen door Brouer. Hij biedt genoeg ruimte voor je platen of boeken. \u00a0Het meubel heeft een mooie warme kleur palissander met een prachtige tekening in het hout, dit valt door de eenvoud van het meubel extra op.\r\n\r\nOntwerp periode: 1950-1960\r\nStijl: Vintage, mid-century modern\r\nConditie: In goede vintage staat\r\nOntwerper: Brouer\r\n\r\nDe afmetingen\r\nBreedte: 135 cm\r\nDiepte: 30 cm\r\nHoogte: 61 cm\r\n\r\n<em>Num\u00e9ro d'article : 211678<\/em>","protected":false},"featured_media":21292,"template":"","meta":{"_acf_changed":false},"product_brand":[],"product_cat":[452,131],"product_tag":[],"class_list":{"0":"post-21290","1":"product","2":"type-product","3":"status-publish","4":"has-post-thumbnail","6":"product_cat-sale","7":"product_cat-wandkasten","8":"product_shipping_class-koerier","10":"first","11":"instock","12":"sale","13":"shipping-taxable","14":"purchasable","15":"product-type-simple"},"composite_virtual":false,"composite_layout":"","composite_add_to_cart_form_location":"","composite_editable_in_cart":false,"composite_sold_individually_context":"","composite_shop_price_calc":"","composite_components":[],"composite_scenarios":[],"exclude_global_add_ons":[],"addons":[],"acf":[],"yoast_head":null,"yoast_head_json":null,"_links":{"self":[{"href":"https:\/\/www.charmig.nl\/fr\/wp-json\/wp\/v2\/product\/21290","targetHints":{"allow":["GET"]}}],"collection":[{"href":"https:\/\/www.charmig.nl\/fr\/wp-json\/wp\/v2\/product"}],"about":[{"href":"https:\/\/www.charmig.nl\/fr\/wp-json\/wp\/v2\/types\/product"}],"wp:featuredmedia":[{"embeddable":true,"href":"https:\/\/www.charmig.nl\/fr\/wp-json\/wp\/v2\/media\/21292"}],"wp:attachment":[{"href":"https:\/\/www.charmig.nl\/fr\/wp-json\/wp\/v2\/media?parent=21290"}],"wp:term":[{"taxonomy":"product_brand","embeddable":true,"href":"https:\/\/www.charmig.nl\/fr\/wp-json\/wp\/v2\/product_brand?post=21290"},{"taxonomy":"product_cat","embeddable":true,"href":"https:\/\/www.charmig.nl\/fr\/wp-json\/wp\/v2\/product_cat?post=21290"},{"taxonomy":"product_tag","embeddable":true,"href":"https:\/\/www.charmig.nl\/fr\/wp-json\/wp\/v2\/product_tag?post=21290"}],"curies":[{"name":"wp","href":"https:\/\/api.w.org\/{rel}","templated":true}]}}