{"id":21316,"date":"2025-07-07T20:46:27","date_gmt":"2025-07-07T18:46:27","guid":{"rendered":"https:\/\/www.charmig.nl\/?post_type=product&#038;p=21316"},"modified":"2026-02-24T09:02:22","modified_gmt":"2026-02-24T08:02:22","slug":"vintage-boekenkastje-teak-74-cm-2","status":"publish","type":"product","link":"https:\/\/www.charmig.nl\/fr\/produit\/archives\/vintage-boekenkastje-teak-74-cm-2\/","title":{"rendered":"Biblioth\u00e8que vintage | Teck | 74 cm"},"content":{"rendered":"","protected":false},"excerpt":{"rendered":"Cette charmante biblioth\u00e8que vintage en teck est compacte en taille mais grandiose en apparence. Le bois chaud et les lignes \u00e9pur\u00e9es lui conf\u00e8rent un aspect intemporel qui s'int\u00e8gre parfaitement dans un int\u00e9rieur moderne ou r\u00e9tro. Avec ses deux \u00e9tag\u00e8res ouvertes, elle offre juste assez d'espace pour vos livres pr\u00e9f\u00e9r\u00e9s ou votre d\u00e9coration. Id\u00e9al pour le salon, le bureau ou \u00e0 c\u00f4t\u00e9 du lit. Un meuble de caract\u00e8re, \u00e9l\u00e9gant et pratique.\r\n\r\nP\u00e9riode de cr\u00e9ation : 1960-1970\r\nStyle : Moderne, Japonais\r\nMat\u00e9riau : Teck\r\nCondition : En bon \u00e9tat, l'armoire a un trou \u00e0 l'arri\u00e8re pour les c\u00e2bles.\r\nCr\u00e9ateur : Unbranded\r\n\r\nLes dimensions\r\nLargeur : 89 cm\r\nProfondeur : 26 cm\r\nHauteur : 74 cm\r\n\r\nNum\u00e9ro d'article : 211683","protected":false},"featured_media":21318,"template":"","meta":{"_acf_changed":false},"product_brand":[],"product_cat":[103],"product_tag":[],"class_list":{"0":"post-21316","1":"product","2":"type-product","3":"status-publish","4":"has-post-thumbnail","6":"product_cat-archief","7":"product_shipping_class-koerier","9":"first","10":"outofstock","11":"shipping-taxable","12":"purchasable","13":"product-type-simple"},"composite_virtual":false,"composite_layout":"","composite_add_to_cart_form_location":"","composite_editable_in_cart":false,"composite_sold_individually_context":"","composite_shop_price_calc":"","composite_components":[],"composite_scenarios":[],"exclude_global_add_ons":[],"addons":[],"acf":[],"yoast_head":null,"yoast_head_json":null,"_links":{"self":[{"href":"https:\/\/www.charmig.nl\/fr\/wp-json\/wp\/v2\/product\/21316","targetHints":{"allow":["GET"]}}],"collection":[{"href":"https:\/\/www.charmig.nl\/fr\/wp-json\/wp\/v2\/product"}],"about":[{"href":"https:\/\/www.charmig.nl\/fr\/wp-json\/wp\/v2\/types\/product"}],"wp:featuredmedia":[{"embeddable":true,"href":"https:\/\/www.charmig.nl\/fr\/wp-json\/wp\/v2\/media\/21318"}],"wp:attachment":[{"href":"https:\/\/www.charmig.nl\/fr\/wp-json\/wp\/v2\/media?parent=21316"}],"wp:term":[{"taxonomy":"product_brand","embeddable":true,"href":"https:\/\/www.charmig.nl\/fr\/wp-json\/wp\/v2\/product_brand?post=21316"},{"taxonomy":"product_cat","embeddable":true,"href":"https:\/\/www.charmig.nl\/fr\/wp-json\/wp\/v2\/product_cat?post=21316"},{"taxonomy":"product_tag","embeddable":true,"href":"https:\/\/www.charmig.nl\/fr\/wp-json\/wp\/v2\/product_tag?post=21316"}],"curies":[{"name":"wp","href":"https:\/\/api.w.org\/{rel}","templated":true}]}}