{"id":21554,"date":"2025-07-14T15:42:00","date_gmt":"2025-07-14T13:42:00","guid":{"rendered":"https:\/\/www.charmig.nl\/?post_type=product&#038;p=21554"},"modified":"2026-02-24T09:02:24","modified_gmt":"2026-02-24T08:02:24","slug":"vintage-dressoir-notenhout-180-cm-2","status":"publish","type":"product","link":"https:\/\/www.charmig.nl\/fr\/produit\/archives\/vintage-dressoir-notenhout-180-cm-2\/","title":{"rendered":"Buffet vintage | Noyer | 180 cm"},"content":{"rendered":"","protected":false},"excerpt":{"rendered":"Ce meuble vintage se distingue imm\u00e9diatement par son beau design ; les tiroirs sont dot\u00e9s de poign\u00e9es rondes ludiques. Le buffet vintage en noyer comporte 4 tiroirs et 2 portes coulissantes, ainsi que 2 tiroirs cach\u00e9s \u00e0 l'int\u00e9rieur.\r\n\r\nUn buffet vintage fantastique, qui s'int\u00e8gre parfaitement dans diff\u00e9rents styles d'int\u00e9rieur ! En outre, le buffet vintage offre un espace de rangement plus que suffisant.\r\n\r\nP\u00e9riode de conception : 1950-1960\r\nStyle : moderne du milieu du si\u00e8cle\r\nMat\u00e9riau : Noyer\r\n\u00c9tat : En bon \u00e9tat, traces d'utilisation correspondant \u00e0 l'\u00e2ge du meuble.\r\nDesigner : Inconnu\r\n\r\nDimensions du meuble\r\nLargeur : 180 cm\r\nProfondeur : 50 cm\r\nHauteur : 84 cm\r\n\r\nNum\u00e9ro d'article : 211694","protected":false},"featured_media":21569,"template":"","meta":{"_acf_changed":false},"product_brand":[],"product_cat":[103],"product_tag":[],"class_list":{"0":"post-21554","1":"product","2":"type-product","3":"status-publish","4":"has-post-thumbnail","6":"product_cat-archief","7":"product_shipping_class-koerier","9":"first","10":"outofstock","11":"shipping-taxable","12":"purchasable","13":"product-type-simple"},"composite_virtual":false,"composite_layout":"","composite_add_to_cart_form_location":"","composite_editable_in_cart":false,"composite_sold_individually_context":"","composite_shop_price_calc":"","composite_components":[],"composite_scenarios":[],"exclude_global_add_ons":[],"addons":[],"acf":[],"yoast_head":null,"yoast_head_json":null,"_links":{"self":[{"href":"https:\/\/www.charmig.nl\/fr\/wp-json\/wp\/v2\/product\/21554","targetHints":{"allow":["GET"]}}],"collection":[{"href":"https:\/\/www.charmig.nl\/fr\/wp-json\/wp\/v2\/product"}],"about":[{"href":"https:\/\/www.charmig.nl\/fr\/wp-json\/wp\/v2\/types\/product"}],"wp:featuredmedia":[{"embeddable":true,"href":"https:\/\/www.charmig.nl\/fr\/wp-json\/wp\/v2\/media\/21569"}],"wp:attachment":[{"href":"https:\/\/www.charmig.nl\/fr\/wp-json\/wp\/v2\/media?parent=21554"}],"wp:term":[{"taxonomy":"product_brand","embeddable":true,"href":"https:\/\/www.charmig.nl\/fr\/wp-json\/wp\/v2\/product_brand?post=21554"},{"taxonomy":"product_cat","embeddable":true,"href":"https:\/\/www.charmig.nl\/fr\/wp-json\/wp\/v2\/product_cat?post=21554"},{"taxonomy":"product_tag","embeddable":true,"href":"https:\/\/www.charmig.nl\/fr\/wp-json\/wp\/v2\/product_tag?post=21554"}],"curies":[{"name":"wp","href":"https:\/\/api.w.org\/{rel}","templated":true}]}}