{"id":21960,"date":"2025-08-28T12:01:48","date_gmt":"2025-08-28T10:01:48","guid":{"rendered":"https:\/\/www.charmig.nl\/?post_type=product&#038;p=21960"},"modified":"2026-04-23T09:37:11","modified_gmt":"2026-04-23T07:37:11","slug":"6-x-eetkamerstoelen-erik-buch-model-49-teak-opnieuw-gestoffeerd","status":"publish","type":"product","link":"https:\/\/www.charmig.nl\/fr\/product\/archief\/6-x-eetkamerstoelen-erik-buch-model-49-teak-opnieuw-gestoffeerd\/","title":{"rendered":"6 x chaises de salle \u00e0 manger | Erik Buch | Mod\u00e8le 49 | Teck | retapiss\u00e9"},"content":{"rendered":"","protected":false},"excerpt":{"rendered":"Set van 6 prachtige teak vintage eetkamerstoelen. Deze Deense stoelen zijn ontworpen door Erik Buch. De set eetkamerstoelen zijn uitgevoerd in teakhout en zijn gestoffeerd in een prachtige groene stof. Heel tijdloos! De stoelen zitten daarnaast zeer comfortabel.\r\n\r\nStijl: Mid century modern &#8211; Deens design &#8211; Scandinavisch design\r\nMateriaal: Teak\r\nConditie: Zeer goede vintage staat, 1 stoel heeft een verkleuring op een poot (zie foto&#8217;s)\r\nOntwerper: Erik Buch, model 49\r\n\r\nAfmetingen:\r\nHoogte: 80 cm\r\nZithoogte: 47 cm\r\nBreedte: 50 cm\r\nDiepte: 52 cm\r\n\r\n<em>Num\u00e9ro d'article : 211562<\/em>","protected":false},"featured_media":21981,"template":"","meta":{"_acf_changed":false},"product_brand":[],"product_cat":[103],"product_tag":[],"class_list":{"0":"post-21960","1":"product","2":"type-product","3":"status-publish","4":"has-post-thumbnail","6":"product_cat-archief","7":"product_shipping_class-koerier","9":"first","10":"outofstock","11":"shipping-taxable","12":"product-type-simple"},"composite_virtual":false,"composite_layout":"","composite_add_to_cart_form_location":"","composite_editable_in_cart":false,"composite_sold_individually_context":"","composite_shop_price_calc":"","composite_components":[],"composite_scenarios":[],"exclude_global_add_ons":[],"addons":[],"acf":[],"yoast_head":null,"yoast_head_json":null,"_links":{"self":[{"href":"https:\/\/www.charmig.nl\/fr\/wp-json\/wp\/v2\/product\/21960","targetHints":{"allow":["GET"]}}],"collection":[{"href":"https:\/\/www.charmig.nl\/fr\/wp-json\/wp\/v2\/product"}],"about":[{"href":"https:\/\/www.charmig.nl\/fr\/wp-json\/wp\/v2\/types\/product"}],"wp:featuredmedia":[{"embeddable":true,"href":"https:\/\/www.charmig.nl\/fr\/wp-json\/wp\/v2\/media\/21981"}],"wp:attachment":[{"href":"https:\/\/www.charmig.nl\/fr\/wp-json\/wp\/v2\/media?parent=21960"}],"wp:term":[{"taxonomy":"product_brand","embeddable":true,"href":"https:\/\/www.charmig.nl\/fr\/wp-json\/wp\/v2\/product_brand?post=21960"},{"taxonomy":"product_cat","embeddable":true,"href":"https:\/\/www.charmig.nl\/fr\/wp-json\/wp\/v2\/product_cat?post=21960"},{"taxonomy":"product_tag","embeddable":true,"href":"https:\/\/www.charmig.nl\/fr\/wp-json\/wp\/v2\/product_tag?post=21960"}],"curies":[{"name":"wp","href":"https:\/\/api.w.org\/{rel}","templated":true}]}}