{"id":22040,"date":"2025-08-28T14:49:09","date_gmt":"2025-08-28T12:49:09","guid":{"rendered":"https:\/\/www.charmig.nl\/?post_type=product&#038;p=22040"},"modified":"2026-04-23T09:37:12","modified_gmt":"2026-04-23T07:37:12","slug":"set-van-4-vintage-eetkamerstoelen-niels-otto-moller-model-71-palissander-gerestaureerd","status":"publish","type":"product","link":"https:\/\/www.charmig.nl\/fr\/product\/archief\/set-van-4-vintage-eetkamerstoelen-niels-otto-moller-model-71-palissander-gerestaureerd\/","title":{"rendered":"Ensemble de 4 chaises de salle \u00e0 manger vintage | Niels Otto M\u00f8ller | Mod\u00e8le 71 | Bois de rose | Restaur\u00e9"},"content":{"rendered":"","protected":false},"excerpt":{"rendered":"Set van 4 prachtige Deense vintage eetkamerstoelen. Deze stoelen zijn ontworpen door Niels Otto M\u00f8ller, en uitgevoerd in stijlvol warm palissander hout. De stoelen zijn werkelijk prachtig, de rondingen zorgen voor een tijdloze, maar toch speelse uitstraling. Dit model is een zeer gewilde klassieker. De stoelen zijn gerestaureerd en voorzien van nieuw Deens papercord.\r\n\r\nOntwerp periode: 1950 &#8211; 1960\r\nStijl: Mid century modern &#8211; Deens design &#8211; Scandinavisch design\r\nMateriaal: Palissander, Papercord\r\nConditie: Gerestaureerd, frames nagekeken en de zittingen zijn voorzien van nieuw papercord. 1 stoelpoot heeft een reparatie (zie foto&#8217;s)\r\nOntwerper: Niels Otto M\u00f8ller\r\n\r\nAfmetingen model 71 \r\nHoogte: 80 cm\r\nZithoogte: 45 cm\r\nBreedte: 45 cm\r\nDiepte: 52 cm\r\n\r\nArtikelnummer: 211713","protected":false},"featured_media":22041,"template":"","meta":{"_acf_changed":false},"product_brand":[],"product_cat":[103],"product_tag":[],"class_list":{"0":"post-22040","1":"product","2":"type-product","3":"status-publish","4":"has-post-thumbnail","6":"product_cat-archief","7":"product_shipping_class-koerier","9":"first","10":"outofstock","11":"shipping-taxable","12":"product-type-simple"},"composite_virtual":false,"composite_layout":"","composite_add_to_cart_form_location":"","composite_editable_in_cart":false,"composite_sold_individually_context":"","composite_shop_price_calc":"","composite_components":[],"composite_scenarios":[],"exclude_global_add_ons":[],"addons":[],"acf":[],"yoast_head":null,"yoast_head_json":null,"_links":{"self":[{"href":"https:\/\/www.charmig.nl\/fr\/wp-json\/wp\/v2\/product\/22040","targetHints":{"allow":["GET"]}}],"collection":[{"href":"https:\/\/www.charmig.nl\/fr\/wp-json\/wp\/v2\/product"}],"about":[{"href":"https:\/\/www.charmig.nl\/fr\/wp-json\/wp\/v2\/types\/product"}],"wp:featuredmedia":[{"embeddable":true,"href":"https:\/\/www.charmig.nl\/fr\/wp-json\/wp\/v2\/media\/22041"}],"wp:attachment":[{"href":"https:\/\/www.charmig.nl\/fr\/wp-json\/wp\/v2\/media?parent=22040"}],"wp:term":[{"taxonomy":"product_brand","embeddable":true,"href":"https:\/\/www.charmig.nl\/fr\/wp-json\/wp\/v2\/product_brand?post=22040"},{"taxonomy":"product_cat","embeddable":true,"href":"https:\/\/www.charmig.nl\/fr\/wp-json\/wp\/v2\/product_cat?post=22040"},{"taxonomy":"product_tag","embeddable":true,"href":"https:\/\/www.charmig.nl\/fr\/wp-json\/wp\/v2\/product_tag?post=22040"}],"curies":[{"name":"wp","href":"https:\/\/api.w.org\/{rel}","templated":true}]}}