{"id":22617,"date":"2025-10-09T11:20:27","date_gmt":"2025-10-09T09:20:27","guid":{"rendered":"https:\/\/www.charmig.nl\/?post_type=product&#038;p=22617"},"modified":"2026-04-23T09:37:17","modified_gmt":"2026-04-23T07:37:17","slug":"vintage-teak-secretaire-deens-90-cm","status":"publish","type":"product","link":"https:\/\/www.charmig.nl\/fr\/produit\/meubles\/armoires\/secteurs\/vintage-teak-secretaire-deens-90-cm\/","title":{"rendered":"Secr\u00e9taire vintage en teck | danois | 90 cm"},"content":{"rendered":"","protected":false},"excerpt":{"rendered":"Magnifique secr\u00e9taire en teck des ann\u00e9es 1960. Le meuble comporte 3 tiroirs et un abattant avec serrure fonctionnelle. Derri\u00e8re l'abattant, vous trouverez de nombreux espaces de travail et de rangement pratiques. Vous avez fini de travailler ? Une fois l'abattant relev\u00e9, toutes vos affaires sont imm\u00e9diatement \u00e0 l'abri des regards !\r\n\r\nP\u00e9riode de conception : 1950-1960\r\nStyle : Vintage\r\n\u00c9tat : En bon \u00e9tat vintage\r\nCr\u00e9ateur : inconnu\r\n\r\nDimensions de l'objet\r\nLargeur : 90 cm\r\nProfondeur : 43 cm\r\nHauteur : 110 cm\r\nHauteur de travail : 73 cm\r\n\r\nNum\u00e9ro d'article : 211736","protected":false},"featured_media":22619,"template":"","meta":{"_acf_changed":false},"product_brand":[],"product_cat":[181],"product_tag":[],"class_list":{"0":"post-22617","1":"product","2":"type-product","3":"status-publish","4":"has-post-thumbnail","6":"product_cat-secretaires","7":"product_shipping_class-koerier","9":"first","10":"instock","11":"shipping-taxable","12":"purchasable","13":"product-type-simple"},"composite_virtual":false,"composite_layout":"","composite_add_to_cart_form_location":"","composite_editable_in_cart":false,"composite_sold_individually_context":"","composite_shop_price_calc":"","composite_components":[],"composite_scenarios":[],"exclude_global_add_ons":[],"addons":[],"acf":[],"yoast_head":null,"yoast_head_json":null,"_links":{"self":[{"href":"https:\/\/www.charmig.nl\/fr\/wp-json\/wp\/v2\/product\/22617","targetHints":{"allow":["GET"]}}],"collection":[{"href":"https:\/\/www.charmig.nl\/fr\/wp-json\/wp\/v2\/product"}],"about":[{"href":"https:\/\/www.charmig.nl\/fr\/wp-json\/wp\/v2\/types\/product"}],"wp:featuredmedia":[{"embeddable":true,"href":"https:\/\/www.charmig.nl\/fr\/wp-json\/wp\/v2\/media\/22619"}],"wp:attachment":[{"href":"https:\/\/www.charmig.nl\/fr\/wp-json\/wp\/v2\/media?parent=22617"}],"wp:term":[{"taxonomy":"product_brand","embeddable":true,"href":"https:\/\/www.charmig.nl\/fr\/wp-json\/wp\/v2\/product_brand?post=22617"},{"taxonomy":"product_cat","embeddable":true,"href":"https:\/\/www.charmig.nl\/fr\/wp-json\/wp\/v2\/product_cat?post=22617"},{"taxonomy":"product_tag","embeddable":true,"href":"https:\/\/www.charmig.nl\/fr\/wp-json\/wp\/v2\/product_tag?post=22617"}],"curies":[{"name":"wp","href":"https:\/\/api.w.org\/{rel}","templated":true}]}}