{"id":22692,"date":"2025-10-09T14:26:25","date_gmt":"2025-10-09T12:26:25","guid":{"rendered":"https:\/\/www.charmig.nl\/?post_type=product&#038;p=22692"},"modified":"2026-04-23T09:37:18","modified_gmt":"2026-04-23T07:37:18","slug":"highboard-wandkast-teak-1960s-2","status":"publish","type":"product","link":"https:\/\/www.charmig.nl\/fr\/product\/archief\/highboard-wandkast-teak-1960s-2\/","title":{"rendered":"Meuble haut vintage | Meuble mural | Teck | 1960s"},"content":{"rendered":"","protected":false},"excerpt":{"rendered":"Fantastique meuble haut danois vintage avec des portes coulissantes et de magnifiques tiroirs en dessous, ce qui lui donne un aspect incroyablement beau. D'autres tiroirs pratiques sont cach\u00e9s derri\u00e8re les portes du c\u00f4t\u00e9 gauche. Sur le c\u00f4t\u00e9 droit, le meuble dispose d'une barre derri\u00e8re la porte coulissante.\r\n\r\n    P\u00e9riode de cr\u00e9ation : 1950-1960\r\n    Style : moderne du milieu du si\u00e8cle\r\n    Mat\u00e9riau : teck\r\n    \u00c9tat : En bon \u00e9tat vintage\r\n    Marque : Sans marque\r\n\r\nDimensions : Hauteur : 116 cm\r\nHauteur : 116 cm\r\nLargeur : 200 cm\r\nProfondeur : 42 cm\r\n\r\nNum\u00e9ro d'article : 211744","protected":false},"featured_media":22693,"template":"","meta":{"_acf_changed":false},"product_brand":[],"product_cat":[103],"product_tag":[],"class_list":{"0":"post-22692","1":"product","2":"type-product","3":"status-publish","4":"has-post-thumbnail","6":"product_cat-archief","7":"product_shipping_class-koerier","9":"first","10":"outofstock","11":"shipping-taxable","12":"product-type-simple"},"composite_virtual":false,"composite_layout":"","composite_add_to_cart_form_location":"","composite_editable_in_cart":false,"composite_sold_individually_context":"","composite_shop_price_calc":"","composite_components":[],"composite_scenarios":[],"exclude_global_add_ons":[],"addons":[],"acf":[],"yoast_head":null,"yoast_head_json":null,"_links":{"self":[{"href":"https:\/\/www.charmig.nl\/fr\/wp-json\/wp\/v2\/product\/22692","targetHints":{"allow":["GET"]}}],"collection":[{"href":"https:\/\/www.charmig.nl\/fr\/wp-json\/wp\/v2\/product"}],"about":[{"href":"https:\/\/www.charmig.nl\/fr\/wp-json\/wp\/v2\/types\/product"}],"wp:featuredmedia":[{"embeddable":true,"href":"https:\/\/www.charmig.nl\/fr\/wp-json\/wp\/v2\/media\/22693"}],"wp:attachment":[{"href":"https:\/\/www.charmig.nl\/fr\/wp-json\/wp\/v2\/media?parent=22692"}],"wp:term":[{"taxonomy":"product_brand","embeddable":true,"href":"https:\/\/www.charmig.nl\/fr\/wp-json\/wp\/v2\/product_brand?post=22692"},{"taxonomy":"product_cat","embeddable":true,"href":"https:\/\/www.charmig.nl\/fr\/wp-json\/wp\/v2\/product_cat?post=22692"},{"taxonomy":"product_tag","embeddable":true,"href":"https:\/\/www.charmig.nl\/fr\/wp-json\/wp\/v2\/product_tag?post=22692"}],"curies":[{"name":"wp","href":"https:\/\/api.w.org\/{rel}","templated":true}]}}