{"id":22718,"date":"2025-10-16T14:09:54","date_gmt":"2025-10-16T12:09:54","guid":{"rendered":"https:\/\/www.charmig.nl\/?post_type=product&#038;p=22718"},"modified":"2026-02-24T09:02:33","modified_gmt":"2026-02-24T08:02:33","slug":"vintage-highboard-wandkast-teak-1960s","status":"publish","type":"product","link":"https:\/\/www.charmig.nl\/fr\/produit\/archives\/vintage-highboard-wandkast-teak-1960s\/","title":{"rendered":"Meuble haut vintage | Meuble mural | Teck | 1960s"},"content":{"rendered":"","protected":false},"excerpt":{"rendered":"Fantastique meuble haut danois vintage de forme sp\u00e9ciale, avec des portes coulissantes et de beaux tiroirs en dessous, qui donnent \u00e0 l'armoire un aspect incroyablement beau. Derri\u00e8re les portes, vous trouverez des espaces de rangement pratiques \u00e0 gauche et \u00e0 droite. Au centre, l'armoire dispose d'une belle barre avec un miroir derri\u00e8re.\r\n\r\n    P\u00e9riode de cr\u00e9ation : 1950-1960\r\n    Style : moderne du milieu du si\u00e8cle\r\n    Mat\u00e9riau : teck\r\n    Condition : En bon \u00e9tat vintage, patine l\u00e9g\u00e8re correspondant \u00e0 l'\u00e2ge du meuble\r\n    Marque : Sans marque\r\n\r\nDimensions du meuble :\r\nHauteur : 115 cm\r\nLargeur : 180 cm\r\nProfondeur : 46 cm\r\n\r\nNum\u00e9ro d'article : 211745","protected":false},"featured_media":22719,"template":"","meta":{"_acf_changed":false},"product_brand":[],"product_cat":[103],"product_tag":[],"class_list":{"0":"post-22718","1":"product","2":"type-product","3":"status-publish","4":"has-post-thumbnail","6":"product_cat-archief","7":"product_shipping_class-koerier","9":"first","10":"outofstock","11":"shipping-taxable","12":"purchasable","13":"product-type-simple"},"composite_virtual":false,"composite_layout":"","composite_add_to_cart_form_location":"","composite_editable_in_cart":false,"composite_sold_individually_context":"","composite_shop_price_calc":"","composite_components":[],"composite_scenarios":[],"exclude_global_add_ons":[],"addons":[],"acf":[],"yoast_head":null,"yoast_head_json":null,"_links":{"self":[{"href":"https:\/\/www.charmig.nl\/fr\/wp-json\/wp\/v2\/product\/22718","targetHints":{"allow":["GET"]}}],"collection":[{"href":"https:\/\/www.charmig.nl\/fr\/wp-json\/wp\/v2\/product"}],"about":[{"href":"https:\/\/www.charmig.nl\/fr\/wp-json\/wp\/v2\/types\/product"}],"wp:featuredmedia":[{"embeddable":true,"href":"https:\/\/www.charmig.nl\/fr\/wp-json\/wp\/v2\/media\/22719"}],"wp:attachment":[{"href":"https:\/\/www.charmig.nl\/fr\/wp-json\/wp\/v2\/media?parent=22718"}],"wp:term":[{"taxonomy":"product_brand","embeddable":true,"href":"https:\/\/www.charmig.nl\/fr\/wp-json\/wp\/v2\/product_brand?post=22718"},{"taxonomy":"product_cat","embeddable":true,"href":"https:\/\/www.charmig.nl\/fr\/wp-json\/wp\/v2\/product_cat?post=22718"},{"taxonomy":"product_tag","embeddable":true,"href":"https:\/\/www.charmig.nl\/fr\/wp-json\/wp\/v2\/product_tag?post=22718"}],"curies":[{"name":"wp","href":"https:\/\/api.w.org\/{rel}","templated":true}]}}