{"id":22757,"date":"2025-10-16T14:48:02","date_gmt":"2025-10-16T12:48:02","guid":{"rendered":"https:\/\/www.charmig.nl\/?post_type=product&#038;p=22757"},"modified":"2026-04-23T09:37:20","modified_gmt":"2026-04-23T07:37:20","slug":"vintage-ladekast-kai-kristiansen-deens-design-teak-mid-century-modern-3","status":"publish","type":"product","link":"https:\/\/www.charmig.nl\/fr\/produit\/meubles\/armoires\/buffets\/vintage-ladekast-kai-kristiansen-deens-design-teak-mid-century-modern-3\/","title":{"rendered":"Commode vintage | Kai Kristiansen | Danish Design | Teck Mid-century modern"},"content":{"rendered":"","protected":false},"excerpt":{"rendered":"Buffet danois \u00e9l\u00e9gant et compact con\u00e7u par Kai Kristiansen. Les lignes \u00e9pur\u00e9es et les poign\u00e9es raffin\u00e9es des quatre tiroirs t\u00e9moignent de son souci du d\u00e9tail. Un meuble intemporel qui allie sans effort fonctionnalit\u00e9 et design. Gr\u00e2ce \u00e0 sa taille, il est parfait pour \u00eatre utilis\u00e9 comme table de chevet vintage.\r\n\r\n    P\u00e9riode de cr\u00e9ation : 1950-1960\r\n    Style : Mid century modern\r\n    Mat\u00e9riau : Teck\r\n    Condition : En tr\u00e8s bon \u00e9tat vintage, quelques petites traces d'utilisation, un trou a \u00e9t\u00e9 perc\u00e9 pour les c\u00e2bles dans la plaque arri\u00e8re.\r\n    \r\nDimensions : Largeur : 85 cm :\r\nLargeur : 85 cm\r\nProfondeur : 45 cm\r\nHauteur : 49 cm\r\n\r\nNum\u00e9ro d'article : 211746","protected":false},"featured_media":22737,"template":"","meta":{"_acf_changed":false},"product_brand":[],"product_cat":[115,113,168],"product_tag":[],"class_list":{"0":"post-22757","1":"product","2":"type-product","3":"status-publish","4":"has-post-thumbnail","6":"product_cat-dressoirs","7":"product_cat-ladekasten","8":"product_cat-nachtkastjes","9":"product_shipping_class-koerier","11":"first","12":"instock","13":"shipping-taxable","14":"purchasable","15":"product-type-simple"},"composite_virtual":false,"composite_layout":"","composite_add_to_cart_form_location":"","composite_editable_in_cart":false,"composite_sold_individually_context":"","composite_shop_price_calc":"","composite_components":[],"composite_scenarios":[],"exclude_global_add_ons":[],"addons":[],"acf":[],"yoast_head":null,"yoast_head_json":null,"_links":{"self":[{"href":"https:\/\/www.charmig.nl\/fr\/wp-json\/wp\/v2\/product\/22757","targetHints":{"allow":["GET"]}}],"collection":[{"href":"https:\/\/www.charmig.nl\/fr\/wp-json\/wp\/v2\/product"}],"about":[{"href":"https:\/\/www.charmig.nl\/fr\/wp-json\/wp\/v2\/types\/product"}],"wp:featuredmedia":[{"embeddable":true,"href":"https:\/\/www.charmig.nl\/fr\/wp-json\/wp\/v2\/media\/22737"}],"wp:attachment":[{"href":"https:\/\/www.charmig.nl\/fr\/wp-json\/wp\/v2\/media?parent=22757"}],"wp:term":[{"taxonomy":"product_brand","embeddable":true,"href":"https:\/\/www.charmig.nl\/fr\/wp-json\/wp\/v2\/product_brand?post=22757"},{"taxonomy":"product_cat","embeddable":true,"href":"https:\/\/www.charmig.nl\/fr\/wp-json\/wp\/v2\/product_cat?post=22757"},{"taxonomy":"product_tag","embeddable":true,"href":"https:\/\/www.charmig.nl\/fr\/wp-json\/wp\/v2\/product_tag?post=22757"}],"curies":[{"name":"wp","href":"https:\/\/api.w.org\/{rel}","templated":true}]}}