{"id":22794,"date":"2025-10-16T15:28:12","date_gmt":"2025-10-16T13:28:12","guid":{"rendered":"https:\/\/www.charmig.nl\/?post_type=product&#038;p=22794"},"modified":"2026-04-23T09:37:20","modified_gmt":"2026-04-23T07:37:20","slug":"vintage-dressoir-schuifdeuren-scandinavisch-design-183cm","status":"publish","type":"product","link":"https:\/\/www.charmig.nl\/fr\/product\/archief\/vintage-dressoir-schuifdeuren-scandinavisch-design-183cm\/","title":{"rendered":"Buffet vintage | Portes coulissantes | Design scandinave | 183cm"},"content":{"rendered":"","protected":false},"excerpt":{"rendered":"Cet \u00e9l\u00e9gant buffet vintage en teck conf\u00e8re une atmosph\u00e8re \u00e9l\u00e9gante et chaleureuse \u00e0 n'importe quelle pi\u00e8ce. Le design \u00e9pur\u00e9 et le ton chaud du bois conf\u00e8rent \u00e0 ce meuble un charme intemporel. Derri\u00e8re les portes coulissantes et dans les trois tiroirs, ce buffet en teck offre beaucoup d'espace de rangement. Id\u00e9al pour la vaisselle, les livres ou d'autres objets que vous souhaitez garder \u00e0 l'abri des regards.\r\n\r\nLa base \u00e9lanc\u00e9e donne un aspect moderne et a\u00e9r\u00e9 et contribue \u00e0 la stabilit\u00e9 de l'ensemble. Un m\u00e9lange parfait de fonctionnalit\u00e9 et de style. Un must pour les amateurs d'int\u00e9rieurs vintage.\r\n\r\nP\u00e9riode de cr\u00e9ation : 1950-1960\r\nStyle : moderne du milieu du si\u00e8cle, design scandinave\r\nMat\u00e9riau : Teck\r\n\u00c9tat : En tr\u00e8s bon \u00e9tat\r\nDesigner : Inconnu\r\n\r\nDimensions : Largeur : 183 cm\r\nLargeur : 183 cm\r\nProfondeur : 40 cm\r\nHauteur : 71 cm\r\n\r\nNum\u00e9ro d'article : 211751","protected":false},"featured_media":22795,"template":"","meta":{"_acf_changed":false},"product_brand":[],"product_cat":[103],"product_tag":[],"class_list":{"0":"post-22794","1":"product","2":"type-product","3":"status-publish","4":"has-post-thumbnail","6":"product_cat-archief","7":"product_shipping_class-koerier","9":"first","10":"outofstock","11":"shipping-taxable","12":"purchasable","13":"product-type-simple"},"composite_virtual":false,"composite_layout":"","composite_add_to_cart_form_location":"","composite_editable_in_cart":false,"composite_sold_individually_context":"","composite_shop_price_calc":"","composite_components":[],"composite_scenarios":[],"exclude_global_add_ons":[],"addons":[],"acf":[],"yoast_head":null,"yoast_head_json":null,"_links":{"self":[{"href":"https:\/\/www.charmig.nl\/fr\/wp-json\/wp\/v2\/product\/22794","targetHints":{"allow":["GET"]}}],"collection":[{"href":"https:\/\/www.charmig.nl\/fr\/wp-json\/wp\/v2\/product"}],"about":[{"href":"https:\/\/www.charmig.nl\/fr\/wp-json\/wp\/v2\/types\/product"}],"wp:featuredmedia":[{"embeddable":true,"href":"https:\/\/www.charmig.nl\/fr\/wp-json\/wp\/v2\/media\/22795"}],"wp:attachment":[{"href":"https:\/\/www.charmig.nl\/fr\/wp-json\/wp\/v2\/media?parent=22794"}],"wp:term":[{"taxonomy":"product_brand","embeddable":true,"href":"https:\/\/www.charmig.nl\/fr\/wp-json\/wp\/v2\/product_brand?post=22794"},{"taxonomy":"product_cat","embeddable":true,"href":"https:\/\/www.charmig.nl\/fr\/wp-json\/wp\/v2\/product_cat?post=22794"},{"taxonomy":"product_tag","embeddable":true,"href":"https:\/\/www.charmig.nl\/fr\/wp-json\/wp\/v2\/product_tag?post=22794"}],"curies":[{"name":"wp","href":"https:\/\/api.w.org\/{rel}","templated":true}]}}