{"id":23081,"date":"2025-10-28T20:32:26","date_gmt":"2025-10-28T19:32:26","guid":{"rendered":"https:\/\/www.charmig.nl\/?post_type=product&#038;p=23081"},"modified":"2026-04-23T09:37:23","modified_gmt":"2026-04-23T07:37:23","slug":"vintage-ronde-eettafel-gunni-omann-eiken-uitschuifbaar-1960s-2","status":"publish","type":"product","link":"https:\/\/www.charmig.nl\/fr\/product\/archief\/vintage-ronde-eettafel-gunni-omann-eiken-uitschuifbaar-1960s-2\/","title":{"rendered":"Table de salle \u00e0 manger ronde vintage | Gunni Omann | mod\u00e8le 55 | Ch\u00eane | extensible | 1960s"},"content":{"rendered":"","protected":false},"excerpt":{"rendered":"Cette table de salle \u00e0 manger multifonctionnelle a \u00e9t\u00e9 con\u00e7ue par Gunni Omann et est incroyablement pratique. Sans feuilles suppl\u00e9mentaires, il s'agit d'une table de salle \u00e0 manger ronde, mais si vous placez 1, 2 ou m\u00eame 3 feuilles suppl\u00e9mentaires entre les deux, elle se transforme soudain en une table ovale spacieuse sur laquelle vous pouvez d\u00eener en compagnie de toute la famille.\r\n\r\nP\u00e9riode de conception : 1950-1960\r\nStyle : moderne du milieu du si\u00e8cle, design scandinave\r\nCondition : En bon \u00e9tat vintage, 2 plateaux sont moins utilis\u00e9s et ont donc une couleur l\u00e9g\u00e8rement diff\u00e9rente.\r\nPays d'origine : Danemark\r\n\r\nDimensions de la table\r\nDiam\u00e8tre : 121 cm\r\nD\u00e9ploy\u00e9 avec 1 plateau : 170 cm\r\nD\u00e9ploy\u00e9 avec 2 lames : 220 cm\r\nD\u00e9ploy\u00e9 avec 3 plateaux : 270\r\nHauteur : 72 cm\r\n\r\nNum\u00e9ro d'article : 211770","protected":false},"featured_media":23083,"template":"","meta":{"_acf_changed":false},"product_brand":[],"product_cat":[103],"product_tag":[],"class_list":{"0":"post-23081","1":"product","2":"type-product","3":"status-publish","4":"has-post-thumbnail","6":"product_cat-archief","7":"product_shipping_class-koerier","9":"first","10":"outofstock","11":"shipping-taxable","12":"purchasable","13":"product-type-simple"},"composite_virtual":false,"composite_layout":"","composite_add_to_cart_form_location":"","composite_editable_in_cart":false,"composite_sold_individually_context":"","composite_shop_price_calc":"","composite_components":[],"composite_scenarios":[],"exclude_global_add_ons":[],"addons":[],"acf":[],"yoast_head":null,"yoast_head_json":null,"_links":{"self":[{"href":"https:\/\/www.charmig.nl\/fr\/wp-json\/wp\/v2\/product\/23081","targetHints":{"allow":["GET"]}}],"collection":[{"href":"https:\/\/www.charmig.nl\/fr\/wp-json\/wp\/v2\/product"}],"about":[{"href":"https:\/\/www.charmig.nl\/fr\/wp-json\/wp\/v2\/types\/product"}],"wp:featuredmedia":[{"embeddable":true,"href":"https:\/\/www.charmig.nl\/fr\/wp-json\/wp\/v2\/media\/23083"}],"wp:attachment":[{"href":"https:\/\/www.charmig.nl\/fr\/wp-json\/wp\/v2\/media?parent=23081"}],"wp:term":[{"taxonomy":"product_brand","embeddable":true,"href":"https:\/\/www.charmig.nl\/fr\/wp-json\/wp\/v2\/product_brand?post=23081"},{"taxonomy":"product_cat","embeddable":true,"href":"https:\/\/www.charmig.nl\/fr\/wp-json\/wp\/v2\/product_cat?post=23081"},{"taxonomy":"product_tag","embeddable":true,"href":"https:\/\/www.charmig.nl\/fr\/wp-json\/wp\/v2\/product_tag?post=23081"}],"curies":[{"name":"wp","href":"https:\/\/api.w.org\/{rel}","templated":true}]}}