{"id":23134,"date":"2025-10-30T14:43:11","date_gmt":"2025-10-30T13:43:11","guid":{"rendered":"https:\/\/www.charmig.nl\/?post_type=product&#038;p=23134"},"modified":"2026-04-23T09:37:23","modified_gmt":"2026-04-23T07:37:23","slug":"vintage-dressoir-deens-teak-hundevad-138-cm-kopie","status":"publish","type":"product","link":"https:\/\/www.charmig.nl\/fr\/product\/meubels\/kasten\/dressoirs\/vintage-dressoir-deens-teak-hundevad-138-cm-kopie\/","title":{"rendered":"Buffet vintage | Danois | Teck | Hundevad | 138 cm"},"content":{"rendered":"","protected":false},"excerpt":{"rendered":"Ce meuble vintage est magnifique dans sa simplicit\u00e9, et gr\u00e2ce \u00e0 ses dimensions, il est parfait pour \u00eatre utilis\u00e9 comme meuble TV vintage, par exemple. Fantastique buffet vintage compact, qui s'int\u00e8gre parfaitement dans diff\u00e9rents styles d'int\u00e9rieur ! En outre, ce meuble vintage offre un espace de rangement surprenant.\r\n\r\nP\u00e9riode de conception : 1950-1960\r\nStyle : Mid century modern\r\nMat\u00e9riau : Teck\r\nCondition : En bon \u00e9tat, le dessus est d\u00e9color\u00e9 (voir photos)\r\nDesigner : Hundevad &amp; Co.\r\n\r\nLes dimensions\r\nLargeur : 138 cm\r\nProfondeur : 43 cm\r\nHauteur : 75 cm\r\n\r\nNum\u00e9ro d'article : 211773","protected":false},"featured_media":23136,"template":"","meta":{"_acf_changed":false},"product_brand":[],"product_cat":[115,452],"product_tag":[],"class_list":{"0":"post-23134","1":"product","2":"type-product","3":"status-publish","4":"has-post-thumbnail","6":"product_cat-dressoirs","7":"product_cat-sale","8":"product_shipping_class-koerier","10":"first","11":"instock","12":"sale","13":"shipping-taxable","14":"purchasable","15":"product-type-simple"},"composite_virtual":false,"composite_layout":"","composite_add_to_cart_form_location":"","composite_editable_in_cart":false,"composite_sold_individually_context":"","composite_shop_price_calc":"","composite_components":[],"composite_scenarios":[],"exclude_global_add_ons":[],"addons":[],"acf":[],"yoast_head":null,"yoast_head_json":null,"_links":{"self":[{"href":"https:\/\/www.charmig.nl\/fr\/wp-json\/wp\/v2\/product\/23134","targetHints":{"allow":["GET"]}}],"collection":[{"href":"https:\/\/www.charmig.nl\/fr\/wp-json\/wp\/v2\/product"}],"about":[{"href":"https:\/\/www.charmig.nl\/fr\/wp-json\/wp\/v2\/types\/product"}],"wp:featuredmedia":[{"embeddable":true,"href":"https:\/\/www.charmig.nl\/fr\/wp-json\/wp\/v2\/media\/23136"}],"wp:attachment":[{"href":"https:\/\/www.charmig.nl\/fr\/wp-json\/wp\/v2\/media?parent=23134"}],"wp:term":[{"taxonomy":"product_brand","embeddable":true,"href":"https:\/\/www.charmig.nl\/fr\/wp-json\/wp\/v2\/product_brand?post=23134"},{"taxonomy":"product_cat","embeddable":true,"href":"https:\/\/www.charmig.nl\/fr\/wp-json\/wp\/v2\/product_cat?post=23134"},{"taxonomy":"product_tag","embeddable":true,"href":"https:\/\/www.charmig.nl\/fr\/wp-json\/wp\/v2\/product_tag?post=23134"}],"curies":[{"name":"wp","href":"https:\/\/api.w.org\/{rel}","templated":true}]}}