{"id":23148,"date":"2025-10-30T14:50:33","date_gmt":"2025-10-30T13:50:33","guid":{"rendered":"https:\/\/www.charmig.nl\/?post_type=product&#038;p=23148"},"modified":"2026-04-23T09:37:24","modified_gmt":"2026-04-23T07:37:24","slug":"vintage-dressoir-audiomeubel-palissander-chroom-onderstel-120-cm","status":"publish","type":"product","link":"https:\/\/www.charmig.nl\/fr\/product\/archief\/vintage-dressoir-audiomeubel-palissander-chroom-onderstel-120-cm\/","title":{"rendered":"Buffet vintage | meuble audio | bois de rose | base chrom\u00e9e | 120 cm"},"content":{"rendered":"","protected":false},"excerpt":{"rendered":"Ce meuble vintage est beau dans sa simplicit\u00e9 et, gr\u00e2ce \u00e0 ses dimensions, il est parfait pour \u00eatre utilis\u00e9, par exemple, comme meuble audio vintage. En effet, la disposition de l'armoire peut \u00eatre arrang\u00e9e comme vous le souhaitez, tant les \u00e9tag\u00e8res debout que les \u00e9tag\u00e8res sont libres, ce qui rend l'armoire particuli\u00e8rement adapt\u00e9e pour les disques, par exemple. La porte coulissante sp\u00e9ciale, la base chrom\u00e9e et les belles marques dans le placage de bois de rose font de ce meuble un v\u00e9ritable accroche-regard !\r\n\r\n\r\nP\u00e9riode de cr\u00e9ation : 1950-1960\r\nStyle : moderne du milieu du si\u00e8cle\r\nMat\u00e9riau : Bois de rose\r\n\u00c9tat : En bon \u00e9tat vintage\r\nDesigner : Nipu Supertop\r\n\r\nLes dimensions\r\nLargeur : 120\r\nProfondeur : 45cm\r\nHauteur : 68cm\r\n\r\nNum\u00e9ro d'article : 211774","protected":false},"featured_media":23149,"template":"","meta":{"_acf_changed":false},"product_brand":[],"product_cat":[103],"product_tag":[],"class_list":{"0":"post-23148","1":"product","2":"type-product","3":"status-publish","4":"has-post-thumbnail","6":"product_cat-archief","7":"product_shipping_class-koerier","9":"first","10":"outofstock","11":"shipping-taxable","12":"purchasable","13":"product-type-simple"},"composite_virtual":false,"composite_layout":"","composite_add_to_cart_form_location":"","composite_editable_in_cart":false,"composite_sold_individually_context":"","composite_shop_price_calc":"","composite_components":[],"composite_scenarios":[],"exclude_global_add_ons":[],"addons":[],"acf":[],"yoast_head":null,"yoast_head_json":null,"_links":{"self":[{"href":"https:\/\/www.charmig.nl\/fr\/wp-json\/wp\/v2\/product\/23148","targetHints":{"allow":["GET"]}}],"collection":[{"href":"https:\/\/www.charmig.nl\/fr\/wp-json\/wp\/v2\/product"}],"about":[{"href":"https:\/\/www.charmig.nl\/fr\/wp-json\/wp\/v2\/types\/product"}],"wp:featuredmedia":[{"embeddable":true,"href":"https:\/\/www.charmig.nl\/fr\/wp-json\/wp\/v2\/media\/23149"}],"wp:attachment":[{"href":"https:\/\/www.charmig.nl\/fr\/wp-json\/wp\/v2\/media?parent=23148"}],"wp:term":[{"taxonomy":"product_brand","embeddable":true,"href":"https:\/\/www.charmig.nl\/fr\/wp-json\/wp\/v2\/product_brand?post=23148"},{"taxonomy":"product_cat","embeddable":true,"href":"https:\/\/www.charmig.nl\/fr\/wp-json\/wp\/v2\/product_cat?post=23148"},{"taxonomy":"product_tag","embeddable":true,"href":"https:\/\/www.charmig.nl\/fr\/wp-json\/wp\/v2\/product_tag?post=23148"}],"curies":[{"name":"wp","href":"https:\/\/api.w.org\/{rel}","templated":true}]}}