{"id":23163,"date":"2025-10-30T15:17:52","date_gmt":"2025-10-30T14:17:52","guid":{"rendered":"https:\/\/www.charmig.nl\/?post_type=product&#038;p=23163"},"modified":"2026-04-23T09:37:24","modified_gmt":"2026-04-23T07:37:24","slug":"vintage-dressoir-teak-200-cm","status":"publish","type":"product","link":"https:\/\/www.charmig.nl\/fr\/product\/archief\/vintage-dressoir-teak-200-cm\/","title":{"rendered":"Buffet vintage | Teck | 200 cm"},"content":{"rendered":"","protected":false},"excerpt":{"rendered":"Ce meuble vintage se distingue imm\u00e9diatement par son beau design ; les tiroirs et les portes sont dot\u00e9s de poign\u00e9es en bois minimalistes. Le buffet vintage en teck a 2 tiroirs, 1 meuble \u00e0 abattant, 1 porte coulissante et 2 portes ouvrantes. Un buffet vintage fantastique qui s'int\u00e8gre parfaitement dans diff\u00e9rents styles d'int\u00e9rieur ! En outre, le buffet vintage dispose d'un espace de rangement plus que suffisant.\r\n\r\nP\u00e9riode de conception : 1950-1960\r\nStyle : Mid century modern\r\nMat\u00e9riau : Teck\r\nCondition : En bon \u00e9tat, traces d'utilisation correspondant \u00e0 l'\u00e2ge du meuble. 1 coin sur le dessus a \u00e9t\u00e9 r\u00e9par\u00e9\r\nDesigner : Inconnu\r\n\r\nDimensions du meuble\r\nLargeur : 200 cm\r\nProfondeur : 43 cm\r\nHauteur : 81 cm\r\n\r\nNum\u00e9ro d'article : 211775","protected":false},"featured_media":23164,"template":"","meta":{"_acf_changed":false},"product_brand":[],"product_cat":[103],"product_tag":[],"class_list":{"0":"post-23163","1":"product","2":"type-product","3":"status-publish","4":"has-post-thumbnail","6":"product_cat-archief","7":"product_shipping_class-koerier","9":"first","10":"outofstock","11":"shipping-taxable","12":"purchasable","13":"product-type-simple"},"composite_virtual":false,"composite_layout":"","composite_add_to_cart_form_location":"","composite_editable_in_cart":false,"composite_sold_individually_context":"","composite_shop_price_calc":"","composite_components":[],"composite_scenarios":[],"exclude_global_add_ons":[],"addons":[],"acf":[],"yoast_head":null,"yoast_head_json":null,"_links":{"self":[{"href":"https:\/\/www.charmig.nl\/fr\/wp-json\/wp\/v2\/product\/23163","targetHints":{"allow":["GET"]}}],"collection":[{"href":"https:\/\/www.charmig.nl\/fr\/wp-json\/wp\/v2\/product"}],"about":[{"href":"https:\/\/www.charmig.nl\/fr\/wp-json\/wp\/v2\/types\/product"}],"wp:featuredmedia":[{"embeddable":true,"href":"https:\/\/www.charmig.nl\/fr\/wp-json\/wp\/v2\/media\/23164"}],"wp:attachment":[{"href":"https:\/\/www.charmig.nl\/fr\/wp-json\/wp\/v2\/media?parent=23163"}],"wp:term":[{"taxonomy":"product_brand","embeddable":true,"href":"https:\/\/www.charmig.nl\/fr\/wp-json\/wp\/v2\/product_brand?post=23163"},{"taxonomy":"product_cat","embeddable":true,"href":"https:\/\/www.charmig.nl\/fr\/wp-json\/wp\/v2\/product_cat?post=23163"},{"taxonomy":"product_tag","embeddable":true,"href":"https:\/\/www.charmig.nl\/fr\/wp-json\/wp\/v2\/product_tag?post=23163"}],"curies":[{"name":"wp","href":"https:\/\/api.w.org\/{rel}","templated":true}]}}