{"id":23259,"date":"2025-11-15T11:26:46","date_gmt":"2025-11-15T10:26:46","guid":{"rendered":"https:\/\/www.charmig.nl\/?post_type=product&#038;p=23259"},"modified":"2026-03-30T10:47:18","modified_gmt":"2026-03-30T08:47:18","slug":"vintage-ronde-eettafel-uitschuifbaar-teak-115-170","status":"publish","type":"product","link":"https:\/\/www.charmig.nl\/fr\/produit\/meubles\/tableaux\/tables-a-manger\/vintage-ronde-eettafel-uitschuifbaar-teak-115-170\/","title":{"rendered":"Table de salle \u00e0 manger ronde vintage | extensible | teck | 115 - 170"},"content":{"rendered":"","protected":false},"excerpt":{"rendered":"Con\u00e7ue par Kai Kristiansen, cette magnifique table de salle \u00e0 manger vintage danoise est fabriqu\u00e9e dans un teck chaleureux et est extensible. Il s'agit d'une table ronde d'un diam\u00e8tre de 115 cm, qui offre suffisamment d'espace pour 4 personnes, m\u00eame sans rallonge. Avec la rallonge interm\u00e9diaire assortie, la table se transforme facilement en une table pour 6 personnes. La belle veinure du teck lui conf\u00e8re un aspect \u00e9l\u00e9gant et intemporel.\r\n\r\nP\u00e9riode de conception : 1950-1960\r\nStyle : moderne du milieu du si\u00e8cle, design scandinave, design danois\r\n\u00c9tat : En bon \u00e9tat, quelques petites r\u00e9parations sur le plateau.\r\n\r\nLes dimensions\r\nDiam\u00e8tre : 115cm\r\nLongueur avec 1 plateau : 170 cm\r\nHauteur : 72 cm","protected":false},"featured_media":23270,"template":"","meta":{"_acf_changed":false},"product_brand":[],"product_cat":[125,452],"product_tag":[],"class_list":{"0":"post-23259","1":"product","2":"type-product","3":"status-publish","4":"has-post-thumbnail","6":"product_cat-eettafels","7":"product_cat-sale","8":"product_shipping_class-koerier","10":"first","11":"outofstock","12":"sale","13":"shipping-taxable","14":"purchasable","15":"product-type-simple"},"composite_virtual":false,"composite_layout":"","composite_add_to_cart_form_location":"","composite_editable_in_cart":false,"composite_sold_individually_context":"","composite_shop_price_calc":"","composite_components":[],"composite_scenarios":[],"exclude_global_add_ons":[],"addons":[],"acf":[],"yoast_head":null,"yoast_head_json":null,"_links":{"self":[{"href":"https:\/\/www.charmig.nl\/fr\/wp-json\/wp\/v2\/product\/23259","targetHints":{"allow":["GET"]}}],"collection":[{"href":"https:\/\/www.charmig.nl\/fr\/wp-json\/wp\/v2\/product"}],"about":[{"href":"https:\/\/www.charmig.nl\/fr\/wp-json\/wp\/v2\/types\/product"}],"wp:featuredmedia":[{"embeddable":true,"href":"https:\/\/www.charmig.nl\/fr\/wp-json\/wp\/v2\/media\/23270"}],"wp:attachment":[{"href":"https:\/\/www.charmig.nl\/fr\/wp-json\/wp\/v2\/media?parent=23259"}],"wp:term":[{"taxonomy":"product_brand","embeddable":true,"href":"https:\/\/www.charmig.nl\/fr\/wp-json\/wp\/v2\/product_brand?post=23259"},{"taxonomy":"product_cat","embeddable":true,"href":"https:\/\/www.charmig.nl\/fr\/wp-json\/wp\/v2\/product_cat?post=23259"},{"taxonomy":"product_tag","embeddable":true,"href":"https:\/\/www.charmig.nl\/fr\/wp-json\/wp\/v2\/product_tag?post=23259"}],"curies":[{"name":"wp","href":"https:\/\/api.w.org\/{rel}","templated":true}]}}