{"id":23289,"date":"2025-11-17T13:35:36","date_gmt":"2025-11-17T12:35:36","guid":{"rendered":"https:\/\/www.charmig.nl\/?post_type=product&#038;p=23289"},"modified":"2026-03-09T10:08:36","modified_gmt":"2026-03-09T09:08:36","slug":"vintage-fauteuil-eiken-rugleuning-verstelbaar","status":"publish","type":"product","link":"https:\/\/www.charmig.nl\/fr\/produit\/meubles\/sieges\/fauteuils\/vintage-fauteuil-eiken-rugleuning-verstelbaar\/","title":{"rendered":"Fauteuil vintage | Ch\u00eane | Dossier r\u00e9glable"},"content":{"rendered":"","protected":false},"excerpt":{"rendered":"Ce magnifique fauteuil vintage est un v\u00e9ritable classique dans votre int\u00e9rieur du milieu du si\u00e8cle. Le fauteuil vintage a \u00e9t\u00e9 con\u00e7u au Danemark. Le fauteuil a un design intemporel et il est agr\u00e9able de s'y asseoir, de plus le dossier est r\u00e9glable. Le fauteuil vintage est recouvert d'un tissu rouge chaud avec une subtile rayure verte. Nous disposons d'un lot de 2 de ces fauteuils.\r\n\r\nP\u00e9riode de conception : ann\u00e9es 1960\r\nStyle : Vintage, Moderne\r\nMat\u00e9riau : Tissu, ch\u00eane\r\nCondition : En tr\u00e8s bon \u00e9tat\r\nDesigner : Inconnu\r\n\r\nDimensions : Largeur : 73cm\r\nLargeur : 73cm\r\nHauteur : 77cm\r\nProfondeur : 75cm\r\nHauteur du si\u00e8ge : 42cm\r\n\r\nNum\u00e9ro d'article : 211780","protected":false},"featured_media":23306,"template":"","meta":{"_acf_changed":false},"product_brand":[],"product_cat":[158,452],"product_tag":[],"class_list":{"0":"post-23289","1":"product","2":"type-product","3":"status-publish","4":"has-post-thumbnail","6":"product_cat-fauteuils","7":"product_cat-sale","8":"product_shipping_class-koerier","10":"first","11":"instock","12":"sale","13":"shipping-taxable","14":"purchasable","15":"product-type-simple"},"composite_virtual":false,"composite_layout":"","composite_add_to_cart_form_location":"","composite_editable_in_cart":false,"composite_sold_individually_context":"","composite_shop_price_calc":"","composite_components":[],"composite_scenarios":[],"exclude_global_add_ons":[],"addons":[],"acf":[],"yoast_head":null,"yoast_head_json":null,"_links":{"self":[{"href":"https:\/\/www.charmig.nl\/fr\/wp-json\/wp\/v2\/product\/23289","targetHints":{"allow":["GET"]}}],"collection":[{"href":"https:\/\/www.charmig.nl\/fr\/wp-json\/wp\/v2\/product"}],"about":[{"href":"https:\/\/www.charmig.nl\/fr\/wp-json\/wp\/v2\/types\/product"}],"wp:featuredmedia":[{"embeddable":true,"href":"https:\/\/www.charmig.nl\/fr\/wp-json\/wp\/v2\/media\/23306"}],"wp:attachment":[{"href":"https:\/\/www.charmig.nl\/fr\/wp-json\/wp\/v2\/media?parent=23289"}],"wp:term":[{"taxonomy":"product_brand","embeddable":true,"href":"https:\/\/www.charmig.nl\/fr\/wp-json\/wp\/v2\/product_brand?post=23289"},{"taxonomy":"product_cat","embeddable":true,"href":"https:\/\/www.charmig.nl\/fr\/wp-json\/wp\/v2\/product_cat?post=23289"},{"taxonomy":"product_tag","embeddable":true,"href":"https:\/\/www.charmig.nl\/fr\/wp-json\/wp\/v2\/product_tag?post=23289"}],"curies":[{"name":"wp","href":"https:\/\/api.w.org\/{rel}","templated":true}]}}