{"id":23324,"date":"2025-11-17T15:01:59","date_gmt":"2025-11-17T14:01:59","guid":{"rendered":"https:\/\/www.charmig.nl\/?post_type=product&#038;p=23324"},"modified":"2026-04-23T09:37:26","modified_gmt":"2026-04-23T07:37:26","slug":"vintage-bank-3-zits-daybed-knoll-knoll-antimot-creme","status":"publish","type":"product","link":"https:\/\/www.charmig.nl\/fr\/product\/archief\/vintage-bank-3-zits-daybed-knoll-knoll-antimot-creme\/","title":{"rendered":"Canap\u00e9 vintage | 3 places | Daybed | Knoll | Knoll Antimott | Cream"},"content":{"rendered":"","protected":false},"excerpt":{"rendered":"Magnifique lit de jour vintage Antimott de Wilhelm Knoll, con\u00e7u dans les ann\u00e9es 1950. Ce meuble polyvalent peut facilement \u00eatre transform\u00e9 en canap\u00e9-lit.\r\n\r\nLe cadre est fabriqu\u00e9 en cerisier de haute qualit\u00e9 et se caract\u00e9rise par un design \u00e9l\u00e9gant et organique typique de l'\u00e9poque. Le c\u00f4t\u00e9 droit est extensible, ce qui transforme le lit de jour en un lieu de couchage confortable en un rien de temps.\r\n\r\nLe dossier peut \u00eatre rabattu afin de ne pas g\u00eaner le lit lorsqu'il est d\u00e9pli\u00e9. Ce lit de jour est donc \u00e0 la fois \u00e9l\u00e9gant et pratique - parfait pour une chambre d'amis, un studio ou un salon.\r\n\r\nLe canap\u00e9 a conserv\u00e9 son tissu cr\u00e8me m\u00e9lang\u00e9 d'origine.\r\n\r\nEn r\u00e9sum\u00e9, il s'agit d'un objet qui attire l'attention et qui ajoute de l'\u00e9l\u00e9gance \u00e0 n'importe quelle pi\u00e8ce gr\u00e2ce \u00e0 son design et \u00e0 ses mat\u00e9riaux.\r\n\r\nP\u00e9riode de cr\u00e9ation : ann\u00e9es 1950\r\nStyle : Vintage, Moderne\r\nMat\u00e9riau : Tissu, bois de cerisier\r\n\u00c9tat : En bon \u00e9tat vintage, le rev\u00eatement pr\u00e9sente quelques traces d'utilisation correspondant \u00e0 l'\u00e2ge du meuble.\r\n\r\nDimensions : Largeur : 180cm\r\nLargeur : 180cm\r\nHauteur : 82cm\r\nProfondeur : 85cm\r\nHauteur du si\u00e8ge : 44cm\r\n\r\nNum\u00e9ro d'article : 211777","protected":false},"featured_media":23327,"template":"","meta":{"_acf_changed":false},"product_brand":[],"product_cat":[103],"product_tag":[],"class_list":{"0":"post-23324","1":"product","2":"type-product","3":"status-publish","4":"has-post-thumbnail","6":"product_cat-archief","7":"product_shipping_class-koerier","9":"first","10":"outofstock","11":"shipping-taxable","12":"purchasable","13":"product-type-simple"},"composite_virtual":false,"composite_layout":"","composite_add_to_cart_form_location":"","composite_editable_in_cart":false,"composite_sold_individually_context":"","composite_shop_price_calc":"","composite_components":[],"composite_scenarios":[],"exclude_global_add_ons":[],"addons":[],"acf":[],"yoast_head":null,"yoast_head_json":null,"_links":{"self":[{"href":"https:\/\/www.charmig.nl\/fr\/wp-json\/wp\/v2\/product\/23324","targetHints":{"allow":["GET"]}}],"collection":[{"href":"https:\/\/www.charmig.nl\/fr\/wp-json\/wp\/v2\/product"}],"about":[{"href":"https:\/\/www.charmig.nl\/fr\/wp-json\/wp\/v2\/types\/product"}],"wp:featuredmedia":[{"embeddable":true,"href":"https:\/\/www.charmig.nl\/fr\/wp-json\/wp\/v2\/media\/23327"}],"wp:attachment":[{"href":"https:\/\/www.charmig.nl\/fr\/wp-json\/wp\/v2\/media?parent=23324"}],"wp:term":[{"taxonomy":"product_brand","embeddable":true,"href":"https:\/\/www.charmig.nl\/fr\/wp-json\/wp\/v2\/product_brand?post=23324"},{"taxonomy":"product_cat","embeddable":true,"href":"https:\/\/www.charmig.nl\/fr\/wp-json\/wp\/v2\/product_cat?post=23324"},{"taxonomy":"product_tag","embeddable":true,"href":"https:\/\/www.charmig.nl\/fr\/wp-json\/wp\/v2\/product_tag?post=23324"}],"curies":[{"name":"wp","href":"https:\/\/api.w.org\/{rel}","templated":true}]}}