{"id":23464,"date":"2025-12-01T16:12:27","date_gmt":"2025-12-01T15:12:27","guid":{"rendered":"https:\/\/www.charmig.nl\/?post_type=product&#038;p=23464"},"modified":"2026-02-24T09:02:40","modified_gmt":"2026-02-24T08:02:40","slug":"compacte-vintage-eettafel-uitschuifbaar-1960s-2","status":"publish","type":"product","link":"https:\/\/www.charmig.nl\/fr\/produit\/archives\/compacte-vintage-eettafel-uitschuifbaar-1960s-2\/","title":{"rendered":"Table de salle \u00e0 manger compacte vintage | extensible | 1960s"},"content":{"rendered":"","protected":false},"excerpt":{"rendered":"Cette table de salle \u00e0 manger multifonctionnelle est extr\u00eamement pratique si vous ne vivez pas tr\u00e8s grand, mais que vous souhaitez avoir suffisamment d'espace \u00e0 table lorsque vous recevez des invit\u00e9s ! La table peut \u00eatre rallong\u00e9e en deux parties, qui peuvent \u00eatre gliss\u00e9es sous le plateau normal apr\u00e8s la rallonge. Id\u00e9al ! Le design de la table est magnifique, la table a une finition tr\u00e8s raffin\u00e9e.\r\n\r\nP\u00e9riode de conception : 1950-1960\r\nStyle : Moderne, design scandinave\r\n\u00c9tat : En bon \u00e9tat vintage\r\nPays d'origine : Danemark\r\n\r\nDimensions de l'objet : Largeur : 100cm\r\nLargeur : 100cm\r\nLargeur \u00e9tendue : 194 cm\r\nProfondeur : 100 cm\r\nHauteur : 75 cm\r\n\r\nNum\u00e9ro d'article : 211791","protected":false},"featured_media":23466,"template":"","meta":{"_acf_changed":false},"product_brand":[],"product_cat":[103],"product_tag":[],"class_list":{"0":"post-23464","1":"product","2":"type-product","3":"status-publish","4":"has-post-thumbnail","6":"product_cat-archief","7":"product_shipping_class-koerier","9":"first","10":"outofstock","11":"shipping-taxable","12":"purchasable","13":"product-type-simple"},"composite_virtual":false,"composite_layout":"","composite_add_to_cart_form_location":"","composite_editable_in_cart":false,"composite_sold_individually_context":"","composite_shop_price_calc":"","composite_components":[],"composite_scenarios":[],"exclude_global_add_ons":[],"addons":[],"acf":[],"yoast_head":null,"yoast_head_json":null,"_links":{"self":[{"href":"https:\/\/www.charmig.nl\/fr\/wp-json\/wp\/v2\/product\/23464","targetHints":{"allow":["GET"]}}],"collection":[{"href":"https:\/\/www.charmig.nl\/fr\/wp-json\/wp\/v2\/product"}],"about":[{"href":"https:\/\/www.charmig.nl\/fr\/wp-json\/wp\/v2\/types\/product"}],"wp:featuredmedia":[{"embeddable":true,"href":"https:\/\/www.charmig.nl\/fr\/wp-json\/wp\/v2\/media\/23466"}],"wp:attachment":[{"href":"https:\/\/www.charmig.nl\/fr\/wp-json\/wp\/v2\/media?parent=23464"}],"wp:term":[{"taxonomy":"product_brand","embeddable":true,"href":"https:\/\/www.charmig.nl\/fr\/wp-json\/wp\/v2\/product_brand?post=23464"},{"taxonomy":"product_cat","embeddable":true,"href":"https:\/\/www.charmig.nl\/fr\/wp-json\/wp\/v2\/product_cat?post=23464"},{"taxonomy":"product_tag","embeddable":true,"href":"https:\/\/www.charmig.nl\/fr\/wp-json\/wp\/v2\/product_tag?post=23464"}],"curies":[{"name":"wp","href":"https:\/\/api.w.org\/{rel}","templated":true}]}}