{"id":23514,"date":"2025-12-07T10:51:33","date_gmt":"2025-12-07T09:51:33","guid":{"rendered":"https:\/\/www.charmig.nl\/?post_type=product&#038;p=23514"},"modified":"2026-04-23T09:37:27","modified_gmt":"2026-04-23T07:37:27","slug":"vintage-secretaire-palissander-94-cm","status":"publish","type":"product","link":"https:\/\/www.charmig.nl\/fr\/produit\/meubles\/armoires\/secteurs\/vintage-secretaire-palissander-94-cm\/","title":{"rendered":"Secretaire vintage | bois de rose | 94 cm"},"content":{"rendered":"","protected":false},"excerpt":{"rendered":"Ce secr\u00e9taire vintage des ann\u00e9es 1960 attire tous les regards gr\u00e2ce \u00e0 son magnifique bois de rose, avec un motif frappant dans le bois. Le meuble dispose d'un bureau coulissant et d'un agencement pratique.\r\nEn haut, il y a de petits compartiments et deux tiroirs, et en bas, trois autres tiroirs spacieux avec des poign\u00e9es \u00e9l\u00e9gantes. Un meuble attrayant et fonctionnel pour votre salon, votre bureau ou votre chambre \u00e0 coucher !\r\n\r\nP\u00e9riode de conception : 1960-1970\r\nStyle : Mid century modern, vintage\r\nCondition : En bon \u00e9tat vintage, avec des traces d'utilisation correspondant \u00e0 l'\u00e2ge du meuble\r\nDesigner : Inconnu\r\n\r\nDimensions du meuble\r\nLargeur : 94 cm\r\nHauteur : 115 cm\r\nProfondeur : 45 cm\r\nHauteur de travail : 72 cm\r\n\r\nNum\u00e9ro d'article : 211794","protected":false},"featured_media":23515,"template":"","meta":{"_acf_changed":false},"product_brand":[],"product_cat":[181],"product_tag":[],"class_list":{"0":"post-23514","1":"product","2":"type-product","3":"status-publish","4":"has-post-thumbnail","6":"product_cat-secretaires","7":"product_shipping_class-koerier","9":"first","10":"instock","11":"shipping-taxable","12":"purchasable","13":"product-type-simple"},"composite_virtual":false,"composite_layout":"","composite_add_to_cart_form_location":"","composite_editable_in_cart":false,"composite_sold_individually_context":"","composite_shop_price_calc":"","composite_components":[],"composite_scenarios":[],"exclude_global_add_ons":[],"addons":[],"acf":[],"yoast_head":null,"yoast_head_json":null,"_links":{"self":[{"href":"https:\/\/www.charmig.nl\/fr\/wp-json\/wp\/v2\/product\/23514","targetHints":{"allow":["GET"]}}],"collection":[{"href":"https:\/\/www.charmig.nl\/fr\/wp-json\/wp\/v2\/product"}],"about":[{"href":"https:\/\/www.charmig.nl\/fr\/wp-json\/wp\/v2\/types\/product"}],"wp:featuredmedia":[{"embeddable":true,"href":"https:\/\/www.charmig.nl\/fr\/wp-json\/wp\/v2\/media\/23515"}],"wp:attachment":[{"href":"https:\/\/www.charmig.nl\/fr\/wp-json\/wp\/v2\/media?parent=23514"}],"wp:term":[{"taxonomy":"product_brand","embeddable":true,"href":"https:\/\/www.charmig.nl\/fr\/wp-json\/wp\/v2\/product_brand?post=23514"},{"taxonomy":"product_cat","embeddable":true,"href":"https:\/\/www.charmig.nl\/fr\/wp-json\/wp\/v2\/product_cat?post=23514"},{"taxonomy":"product_tag","embeddable":true,"href":"https:\/\/www.charmig.nl\/fr\/wp-json\/wp\/v2\/product_tag?post=23514"}],"curies":[{"name":"wp","href":"https:\/\/api.w.org\/{rel}","templated":true}]}}