{"id":23592,"date":"2025-12-07T11:43:41","date_gmt":"2025-12-07T10:43:41","guid":{"rendered":"https:\/\/www.charmig.nl\/?post_type=product&#038;p=23592"},"modified":"2026-02-24T09:02:41","modified_gmt":"2026-02-24T08:02:41","slug":"vintage-eettafel-rond-teak-uitschuifbaar-122-cm-tot-222-cm","status":"publish","type":"product","link":"https:\/\/www.charmig.nl\/fr\/produit\/archives\/vintage-eettafel-rond-teak-uitschuifbaar-122-cm-tot-222-cm\/","title":{"rendered":"Table de salle \u00e0 manger vintage | ronde | teck | extensible | 122 cm \u00e0 222 cm"},"content":{"rendered":"","protected":false},"excerpt":{"rendered":"Cette table \u00e0 manger danoise ronde vintage est fabriqu\u00e9e en teck. La table \u00e0 manger ronde en bois peut \u00eatre rallong\u00e9e avec seulement 2 feuilles entre les deux, ce qui est pratique lorsque beaucoup de personnes viennent manger, par exemple. La table pr\u00e9sente de belles marques subtiles dans le bois et un pi\u00e8tement \u00e9l\u00e9gant.\r\n\r\nP\u00e9riode de cr\u00e9ation : 1950-1960\r\nStyle : moderne du milieu du si\u00e8cle, design scandinave, design danois\r\n\u00c9tat : En bon \u00e9tat vintage\r\n\r\nLes dimensions\r\nDiam\u00e8tre : 122 cm\r\nD\u00e9pli\u00e9 avec 1 plateau : 172 cm\r\nD\u00e9ploy\u00e9 avec 2 feuilles : 222\r\nHauteur : 72 cm\r\n\r\nNum\u00e9ro d'article : 211806","protected":false},"featured_media":23594,"template":"","meta":{"_acf_changed":false},"product_brand":[],"product_cat":[103],"product_tag":[],"class_list":{"0":"post-23592","1":"product","2":"type-product","3":"status-publish","4":"has-post-thumbnail","6":"product_cat-archief","7":"product_shipping_class-koerier","9":"first","10":"outofstock","11":"shipping-taxable","12":"purchasable","13":"product-type-simple"},"composite_virtual":false,"composite_layout":"","composite_add_to_cart_form_location":"","composite_editable_in_cart":false,"composite_sold_individually_context":"","composite_shop_price_calc":"","composite_components":[],"composite_scenarios":[],"exclude_global_add_ons":[],"addons":[],"acf":[],"yoast_head":null,"yoast_head_json":null,"_links":{"self":[{"href":"https:\/\/www.charmig.nl\/fr\/wp-json\/wp\/v2\/product\/23592","targetHints":{"allow":["GET"]}}],"collection":[{"href":"https:\/\/www.charmig.nl\/fr\/wp-json\/wp\/v2\/product"}],"about":[{"href":"https:\/\/www.charmig.nl\/fr\/wp-json\/wp\/v2\/types\/product"}],"wp:featuredmedia":[{"embeddable":true,"href":"https:\/\/www.charmig.nl\/fr\/wp-json\/wp\/v2\/media\/23594"}],"wp:attachment":[{"href":"https:\/\/www.charmig.nl\/fr\/wp-json\/wp\/v2\/media?parent=23592"}],"wp:term":[{"taxonomy":"product_brand","embeddable":true,"href":"https:\/\/www.charmig.nl\/fr\/wp-json\/wp\/v2\/product_brand?post=23592"},{"taxonomy":"product_cat","embeddable":true,"href":"https:\/\/www.charmig.nl\/fr\/wp-json\/wp\/v2\/product_cat?post=23592"},{"taxonomy":"product_tag","embeddable":true,"href":"https:\/\/www.charmig.nl\/fr\/wp-json\/wp\/v2\/product_tag?post=23592"}],"curies":[{"name":"wp","href":"https:\/\/api.w.org\/{rel}","templated":true}]}}