{"id":23905,"date":"2025-12-15T15:33:57","date_gmt":"2025-12-15T14:33:57","guid":{"rendered":"https:\/\/www.charmig.nl\/?post_type=product&#038;p=23905"},"modified":"2026-02-24T09:02:46","modified_gmt":"2026-02-24T08:02:46","slug":"vintage-lounge-fauteuil-dhs-teak-creme","status":"publish","type":"product","link":"https:\/\/www.charmig.nl\/fr\/produit\/archives\/vintage-lounge-fauteuil-dhs-teak-creme\/","title":{"rendered":"Fauteuil de salon vintage | DHS | Teck | Cr\u00e8me"},"content":{"rendered":"","protected":false},"excerpt":{"rendered":"Magnifique fauteuil vintage en teck de DHS, con\u00e7u dans les ann\u00e9es 1960. Ce fauteuil \u00e9l\u00e9gant est incroyablement confortable et attire tous les regards dans n'importe quel int\u00e9rieur.\r\n\r\nLa structure est en teck de haute qualit\u00e9 et pr\u00e9sente des formes organiques caract\u00e9ristiques.\r\n\r\nCe fauteuil vous pla\u00eet, mais vous pr\u00e9f\u00e9rez une autre couleur de tissu ? Nous disposons \u00e9galement d'un mod\u00e8le identique qui peut \u00eatre tapiss\u00e9 selon vos souhaits. Renseignez-vous sur les possibilit\u00e9s !\r\n\r\nP\u00e9riode de cr\u00e9ation : ann\u00e9es 1950\r\nStyle : Vintage, Mid-century modern\r\nMat\u00e9riau : Tissu, teck\r\nCondition : En bon \u00e9tat vintage, la tapisserie montre quelques signes d'utilisation correspondant \u00e0 l'\u00e2ge du meuble.\r\n\r\nDimensions : Largeur : 74,5 cm\r\nLargeur : 74\r\nHauteur : 82 cm\r\nProfondeur : 77 cm\r\nHauteur du si\u00e8ge : 46 cm\r\n\r\nNum\u00e9ro d'article : 211817","protected":false},"featured_media":23908,"template":"","meta":{"_acf_changed":false},"product_brand":[],"product_cat":[103],"product_tag":[],"class_list":{"0":"post-23905","1":"product","2":"type-product","3":"status-publish","4":"has-post-thumbnail","6":"product_cat-archief","7":"product_shipping_class-koerier","9":"first","10":"outofstock","11":"shipping-taxable","12":"purchasable","13":"product-type-simple"},"composite_virtual":false,"composite_layout":"","composite_add_to_cart_form_location":"","composite_editable_in_cart":false,"composite_sold_individually_context":"","composite_shop_price_calc":"","composite_components":[],"composite_scenarios":[],"exclude_global_add_ons":[],"addons":[],"acf":[],"yoast_head":null,"yoast_head_json":null,"_links":{"self":[{"href":"https:\/\/www.charmig.nl\/fr\/wp-json\/wp\/v2\/product\/23905","targetHints":{"allow":["GET"]}}],"collection":[{"href":"https:\/\/www.charmig.nl\/fr\/wp-json\/wp\/v2\/product"}],"about":[{"href":"https:\/\/www.charmig.nl\/fr\/wp-json\/wp\/v2\/types\/product"}],"wp:featuredmedia":[{"embeddable":true,"href":"https:\/\/www.charmig.nl\/fr\/wp-json\/wp\/v2\/media\/23908"}],"wp:attachment":[{"href":"https:\/\/www.charmig.nl\/fr\/wp-json\/wp\/v2\/media?parent=23905"}],"wp:term":[{"taxonomy":"product_brand","embeddable":true,"href":"https:\/\/www.charmig.nl\/fr\/wp-json\/wp\/v2\/product_brand?post=23905"},{"taxonomy":"product_cat","embeddable":true,"href":"https:\/\/www.charmig.nl\/fr\/wp-json\/wp\/v2\/product_cat?post=23905"},{"taxonomy":"product_tag","embeddable":true,"href":"https:\/\/www.charmig.nl\/fr\/wp-json\/wp\/v2\/product_tag?post=23905"}],"curies":[{"name":"wp","href":"https:\/\/api.w.org\/{rel}","templated":true}]}}