{"id":23964,"date":"2025-12-22T12:29:08","date_gmt":"2025-12-22T11:29:08","guid":{"rendered":"https:\/\/www.charmig.nl\/?post_type=product&#038;p=23964"},"modified":"2026-02-24T09:02:46","modified_gmt":"2026-02-24T08:02:46","slug":"vintage-salontafel-teak-deens-poul-volther","status":"publish","type":"product","link":"https:\/\/www.charmig.nl\/fr\/produit\/archives\/vintage-salontafel-teak-deens-poul-volther\/","title":{"rendered":"Table basse vintage | Teck | Danois | Poul Volther"},"content":{"rendered":"","protected":false},"excerpt":{"rendered":"Cette table basse vintage en teck respire la simplicit\u00e9 scandinave, avec un design intemporel qui trouve sa place dans n'importe quelle pi\u00e8ce. L'\u00e9tag\u00e8re inf\u00e9rieure pratique permet de ranger des magazines ou des livres. Les belles marques dans le bois donnent \u00e0 la table basse un aspect robuste, mais chaleureux et \u00e9l\u00e9gant.\r\n\r\nP\u00e9riode de cr\u00e9ation : 1950-1960\r\nStyle : moderne du milieu du si\u00e8cle, design scandinave\r\nMat\u00e9riau : teck\r\n\u00c9tat : En bon \u00e9tat vintage\r\nMarque\/concepteur : Poul Volther\r\n\r\nDimensions : Hauteur : 55cm\r\nHauteur : 55cm\r\nLargeur : 61cm\r\nProfondeur : 110cm\r\n\r\nNum\u00e9ro d'article : 211821","protected":false},"featured_media":23967,"template":"","meta":{"_acf_changed":false},"product_brand":[],"product_cat":[103],"product_tag":[],"class_list":{"0":"post-23964","1":"product","2":"type-product","3":"status-publish","4":"has-post-thumbnail","6":"product_cat-archief","7":"product_shipping_class-koerier","9":"first","10":"outofstock","11":"shipping-taxable","12":"purchasable","13":"product-type-simple"},"composite_virtual":false,"composite_layout":"","composite_add_to_cart_form_location":"","composite_editable_in_cart":false,"composite_sold_individually_context":"","composite_shop_price_calc":"","composite_components":[],"composite_scenarios":[],"exclude_global_add_ons":[],"addons":[],"acf":[],"yoast_head":null,"yoast_head_json":null,"_links":{"self":[{"href":"https:\/\/www.charmig.nl\/fr\/wp-json\/wp\/v2\/product\/23964","targetHints":{"allow":["GET"]}}],"collection":[{"href":"https:\/\/www.charmig.nl\/fr\/wp-json\/wp\/v2\/product"}],"about":[{"href":"https:\/\/www.charmig.nl\/fr\/wp-json\/wp\/v2\/types\/product"}],"wp:featuredmedia":[{"embeddable":true,"href":"https:\/\/www.charmig.nl\/fr\/wp-json\/wp\/v2\/media\/23967"}],"wp:attachment":[{"href":"https:\/\/www.charmig.nl\/fr\/wp-json\/wp\/v2\/media?parent=23964"}],"wp:term":[{"taxonomy":"product_brand","embeddable":true,"href":"https:\/\/www.charmig.nl\/fr\/wp-json\/wp\/v2\/product_brand?post=23964"},{"taxonomy":"product_cat","embeddable":true,"href":"https:\/\/www.charmig.nl\/fr\/wp-json\/wp\/v2\/product_cat?post=23964"},{"taxonomy":"product_tag","embeddable":true,"href":"https:\/\/www.charmig.nl\/fr\/wp-json\/wp\/v2\/product_tag?post=23964"}],"curies":[{"name":"wp","href":"https:\/\/api.w.org\/{rel}","templated":true}]}}