{"id":24235,"date":"2026-02-04T15:14:36","date_gmt":"2026-02-04T14:14:36","guid":{"rendered":"https:\/\/www.charmig.nl\/?post_type=product&#038;p=24235"},"modified":"2026-02-24T09:02:50","modified_gmt":"2026-02-24T08:02:50","slug":"vintage-dressoir-teak-183-cm","status":"publish","type":"product","link":"https:\/\/www.charmig.nl\/fr\/produit\/archives\/vintage-dressoir-teak-183-cm\/","title":{"rendered":"Buffet vintage | Teck | 183 cm"},"content":{"rendered":"","protected":false},"excerpt":{"rendered":"Ce meuble vintage se distingue imm\u00e9diatement par son beau design ; les tiroirs et les portes sont dot\u00e9s de poign\u00e9es en bois minimalistes. Le buffet vintage en teck a 4 tiroirs et 2 portes coulissantes. Un buffet vintage fantastique, qui s'int\u00e8gre parfaitement dans diff\u00e9rents styles d'int\u00e9rieur ! En outre, le buffet vintage offre un espace de rangement plus que suffisant.\r\n\r\nP\u00e9riode de cr\u00e9ation : 1950-1960\r\nStyle : Mid century modern\r\nMat\u00e9riau : Teck\r\nCondition : En bon \u00e9tat vintage, traces d'utilisation correspondant \u00e0 l'\u00e2ge du meuble. Le buffet a quelques rayures sur le c\u00f4t\u00e9 droit et sur une porte.\r\nDesigner : Erik Worts pour Ikea\r\n\r\nLes dimensions\r\nLargeur : 183 cm\r\nProfondeur : 42 cm\r\nHauteur : 77 cm\r\n\r\nNum\u00e9ro d'article : 211833","protected":false},"featured_media":24236,"template":"","meta":{"_acf_changed":false},"product_brand":[],"product_cat":[103],"product_tag":[],"class_list":{"0":"post-24235","1":"product","2":"type-product","3":"status-publish","4":"has-post-thumbnail","6":"product_cat-archief","7":"product_shipping_class-koerier","9":"first","10":"outofstock","11":"shipping-taxable","12":"purchasable","13":"product-type-simple"},"composite_virtual":false,"composite_layout":"","composite_add_to_cart_form_location":"","composite_editable_in_cart":false,"composite_sold_individually_context":"","composite_shop_price_calc":"","composite_components":[],"composite_scenarios":[],"exclude_global_add_ons":[],"addons":[],"acf":[],"yoast_head":null,"yoast_head_json":null,"_links":{"self":[{"href":"https:\/\/www.charmig.nl\/fr\/wp-json\/wp\/v2\/product\/24235","targetHints":{"allow":["GET"]}}],"collection":[{"href":"https:\/\/www.charmig.nl\/fr\/wp-json\/wp\/v2\/product"}],"about":[{"href":"https:\/\/www.charmig.nl\/fr\/wp-json\/wp\/v2\/types\/product"}],"wp:featuredmedia":[{"embeddable":true,"href":"https:\/\/www.charmig.nl\/fr\/wp-json\/wp\/v2\/media\/24236"}],"wp:attachment":[{"href":"https:\/\/www.charmig.nl\/fr\/wp-json\/wp\/v2\/media?parent=24235"}],"wp:term":[{"taxonomy":"product_brand","embeddable":true,"href":"https:\/\/www.charmig.nl\/fr\/wp-json\/wp\/v2\/product_brand?post=24235"},{"taxonomy":"product_cat","embeddable":true,"href":"https:\/\/www.charmig.nl\/fr\/wp-json\/wp\/v2\/product_cat?post=24235"},{"taxonomy":"product_tag","embeddable":true,"href":"https:\/\/www.charmig.nl\/fr\/wp-json\/wp\/v2\/product_tag?post=24235"}],"curies":[{"name":"wp","href":"https:\/\/api.w.org\/{rel}","templated":true}]}}