{"id":24251,"date":"2026-02-04T15:36:34","date_gmt":"2026-02-04T14:36:34","guid":{"rendered":"https:\/\/www.charmig.nl\/?post_type=product&#038;p=24251"},"modified":"2026-02-24T09:02:50","modified_gmt":"2026-02-24T08:02:50","slug":"vintage-dressoir-schuifdeuren-scandinavisch-design-209-cm","status":"publish","type":"product","link":"https:\/\/www.charmig.nl\/fr\/produit\/archives\/vintage-dressoir-schuifdeuren-scandinavisch-design-209-cm\/","title":{"rendered":"Buffet vintage | Portes coulissantes | Design scandinave | 209 cm"},"content":{"rendered":"","protected":false},"excerpt":{"rendered":"Cet \u00e9l\u00e9gant buffet vintage en teck conf\u00e8re une atmosph\u00e8re \u00e9l\u00e9gante et chaleureuse \u00e0 n'importe quelle pi\u00e8ce. Le design \u00e9pur\u00e9 et le ton chaud du bois conf\u00e8rent \u00e0 ce meuble un charme intemporel. Derri\u00e8re les portes coulissantes et dans les quatre tiroirs, ce buffet en teck offre beaucoup d'espace de rangement. Id\u00e9al pour la vaisselle, les livres ou d'autres objets que vous souhaitez garder \u00e0 l'abri des regards. Un must pour les amateurs d'int\u00e9rieurs vintage.\r\n\r\nP\u00e9riode de cr\u00e9ation : 1950-1960\r\nStyle : moderne du milieu du si\u00e8cle, design scandinave\r\nMat\u00e9riau : Teck\r\nCondition : En condition vintage, le meuble a quelques signes d'utilisation et de r\u00e9parations. Le placage de la partie sup\u00e9rieure du buffet est endommag\u00e9.\r\nDesigner : Inconnu\r\n\r\nLes dimensions\r\nLargeur : 209 cm\r\nProfondeur : 46 cm\r\nHauteur : 70 cm\r\n\r\nNum\u00e9ro d'article : 211834","protected":false},"featured_media":24252,"template":"","meta":{"_acf_changed":false},"product_brand":[],"product_cat":[103],"product_tag":[],"class_list":{"0":"post-24251","1":"product","2":"type-product","3":"status-publish","4":"has-post-thumbnail","6":"product_cat-archief","7":"product_shipping_class-koerier","9":"first","10":"outofstock","11":"shipping-taxable","12":"purchasable","13":"product-type-simple"},"composite_virtual":false,"composite_layout":"","composite_add_to_cart_form_location":"","composite_editable_in_cart":false,"composite_sold_individually_context":"","composite_shop_price_calc":"","composite_components":[],"composite_scenarios":[],"exclude_global_add_ons":[],"addons":[],"acf":[],"yoast_head":null,"yoast_head_json":null,"_links":{"self":[{"href":"https:\/\/www.charmig.nl\/fr\/wp-json\/wp\/v2\/product\/24251","targetHints":{"allow":["GET"]}}],"collection":[{"href":"https:\/\/www.charmig.nl\/fr\/wp-json\/wp\/v2\/product"}],"about":[{"href":"https:\/\/www.charmig.nl\/fr\/wp-json\/wp\/v2\/types\/product"}],"wp:featuredmedia":[{"embeddable":true,"href":"https:\/\/www.charmig.nl\/fr\/wp-json\/wp\/v2\/media\/24252"}],"wp:attachment":[{"href":"https:\/\/www.charmig.nl\/fr\/wp-json\/wp\/v2\/media?parent=24251"}],"wp:term":[{"taxonomy":"product_brand","embeddable":true,"href":"https:\/\/www.charmig.nl\/fr\/wp-json\/wp\/v2\/product_brand?post=24251"},{"taxonomy":"product_cat","embeddable":true,"href":"https:\/\/www.charmig.nl\/fr\/wp-json\/wp\/v2\/product_cat?post=24251"},{"taxonomy":"product_tag","embeddable":true,"href":"https:\/\/www.charmig.nl\/fr\/wp-json\/wp\/v2\/product_tag?post=24251"}],"curies":[{"name":"wp","href":"https:\/\/api.w.org\/{rel}","templated":true}]}}