{"id":24358,"date":"2026-02-09T13:31:33","date_gmt":"2026-02-09T12:31:33","guid":{"rendered":"https:\/\/www.charmig.nl\/?post_type=product&#038;p=24358"},"modified":"2026-04-23T09:37:37","modified_gmt":"2026-04-23T07:37:37","slug":"compacte-vintage-eettafel-inklapbaar-massief-teak","status":"publish","type":"product","link":"https:\/\/www.charmig.nl\/fr\/product\/meubels\/tafels\/eettafels\/compacte-vintage-eettafel-inklapbaar-massief-teak\/","title":{"rendered":"Table de salle \u00e0 manger vintage compacte | pliable | teck massif"},"content":{"rendered":"","protected":false},"excerpt":{"rendered":"Cette table de salle \u00e0 manger vintage unique en teck massif est parfaite pour les espaces compacts. Lorsqu'elle n'est pas utilis\u00e9e, la table peut \u00eatre facilement pli\u00e9e et accroch\u00e9e au mur \u00e0 l'aide du pied assorti, ce qui vous permet de gagner un maximum d'espace. Gr\u00e2ce \u00e0 la chaleur du bois de teck et \u00e0 son design \u00e9l\u00e9gant, la table a un look r\u00e9tro et intemporel. Un meuble de caract\u00e8re tr\u00e8s sp\u00e9cial et pratique, id\u00e9al comme table de salle \u00e0 manger, table de travail ou table d'appoint.\r\n\r\nP\u00e9riode de cr\u00e9ation : 1950-1960\r\nStyle : moderne du milieu du si\u00e8cle, design scandinave\r\n\u00c9tat : En bon \u00e9tat vintage\r\nPays d'origine : Danemark\r\n\r\nDimensions de l'objet : Largeur : 80cm\r\nLargeur : 80cm\r\nProfondeur : 80 cm\r\nHauteur : 70 cm\r\n\r\nNum\u00e9ro d'article : 211841","protected":false},"featured_media":24365,"template":"","meta":{"_acf_changed":false},"product_brand":[],"product_cat":[125],"product_tag":[],"class_list":{"0":"post-24358","1":"product","2":"type-product","3":"status-publish","4":"has-post-thumbnail","6":"product_cat-eettafels","7":"product_shipping_class-koerier","9":"first","10":"instock","11":"shipping-taxable","12":"purchasable","13":"product-type-simple"},"composite_virtual":false,"composite_layout":"","composite_add_to_cart_form_location":"","composite_editable_in_cart":false,"composite_sold_individually_context":"","composite_shop_price_calc":"","composite_components":[],"composite_scenarios":[],"exclude_global_add_ons":[],"addons":[],"acf":[],"yoast_head":null,"yoast_head_json":null,"_links":{"self":[{"href":"https:\/\/www.charmig.nl\/fr\/wp-json\/wp\/v2\/product\/24358","targetHints":{"allow":["GET"]}}],"collection":[{"href":"https:\/\/www.charmig.nl\/fr\/wp-json\/wp\/v2\/product"}],"about":[{"href":"https:\/\/www.charmig.nl\/fr\/wp-json\/wp\/v2\/types\/product"}],"wp:featuredmedia":[{"embeddable":true,"href":"https:\/\/www.charmig.nl\/fr\/wp-json\/wp\/v2\/media\/24365"}],"wp:attachment":[{"href":"https:\/\/www.charmig.nl\/fr\/wp-json\/wp\/v2\/media?parent=24358"}],"wp:term":[{"taxonomy":"product_brand","embeddable":true,"href":"https:\/\/www.charmig.nl\/fr\/wp-json\/wp\/v2\/product_brand?post=24358"},{"taxonomy":"product_cat","embeddable":true,"href":"https:\/\/www.charmig.nl\/fr\/wp-json\/wp\/v2\/product_cat?post=24358"},{"taxonomy":"product_tag","embeddable":true,"href":"https:\/\/www.charmig.nl\/fr\/wp-json\/wp\/v2\/product_tag?post=24358"}],"curies":[{"name":"wp","href":"https:\/\/api.w.org\/{rel}","templated":true}]}}