{"id":24479,"date":"2026-02-12T15:53:28","date_gmt":"2026-02-12T14:53:28","guid":{"rendered":"https:\/\/www.charmig.nl\/?post_type=product&#038;p=24479"},"modified":"2026-02-24T09:02:53","modified_gmt":"2026-02-24T08:02:53","slug":"vintage-lounge-fauteuil-teak-creme","status":"publish","type":"product","link":"https:\/\/www.charmig.nl\/fr\/produit\/archives\/vintage-lounge-fauteuil-teak-creme\/","title":{"rendered":"Fauteuil de salon vintage | Teck | Cr\u00e8me"},"content":{"rendered":"","protected":false},"excerpt":{"rendered":"Magnifique fauteuil vintage en teck, con\u00e7u dans les ann\u00e9es 1960, dans un style danois distinctif. Ce fauteuil \u00e9l\u00e9gant est incroyablement confortable et attire tous les regards dans n'importe quel int\u00e9rieur.\r\n\r\nLa structure est en teck de haute qualit\u00e9 et pr\u00e9sente des formes organiques caract\u00e9ristiques, avec de beaux joints en bois.\r\n\r\nUn canap\u00e9 2 places et un canap\u00e9 3 places sont \u00e9galement disponibles dans cette s\u00e9rie !\r\n\r\nP\u00e9riode de conception : ann\u00e9es 1960\r\nStyle : Vintage, Mid-century modern\r\nMat\u00e9riau : Tissu, teck\r\nCondition : En bon \u00e9tat vintage, le rev\u00eatement pr\u00e9sente quelques traces d'utilisation correspondant \u00e0 l'\u00e2ge du meuble.\r\n\r\nDimensions : Largeur : 75 cm\r\nLargeur : 75\r\nHauteur : 78 cm\r\nProfondeur : 76 cm\r\nHauteur du si\u00e8ge : 38 cm\r\n\r\nNum\u00e9ro d'article : 211847","protected":false},"featured_media":24480,"template":"","meta":{"_acf_changed":false},"product_brand":[],"product_cat":[103],"product_tag":[],"class_list":{"0":"post-24479","1":"product","2":"type-product","3":"status-publish","4":"has-post-thumbnail","6":"product_cat-archief","7":"product_shipping_class-koerier","9":"first","10":"outofstock","11":"shipping-taxable","12":"purchasable","13":"product-type-simple"},"composite_virtual":false,"composite_layout":"","composite_add_to_cart_form_location":"","composite_editable_in_cart":false,"composite_sold_individually_context":"","composite_shop_price_calc":"","composite_components":[],"composite_scenarios":[],"exclude_global_add_ons":[],"addons":[],"acf":[],"yoast_head":null,"yoast_head_json":null,"_links":{"self":[{"href":"https:\/\/www.charmig.nl\/fr\/wp-json\/wp\/v2\/product\/24479","targetHints":{"allow":["GET"]}}],"collection":[{"href":"https:\/\/www.charmig.nl\/fr\/wp-json\/wp\/v2\/product"}],"about":[{"href":"https:\/\/www.charmig.nl\/fr\/wp-json\/wp\/v2\/types\/product"}],"wp:featuredmedia":[{"embeddable":true,"href":"https:\/\/www.charmig.nl\/fr\/wp-json\/wp\/v2\/media\/24480"}],"wp:attachment":[{"href":"https:\/\/www.charmig.nl\/fr\/wp-json\/wp\/v2\/media?parent=24479"}],"wp:term":[{"taxonomy":"product_brand","embeddable":true,"href":"https:\/\/www.charmig.nl\/fr\/wp-json\/wp\/v2\/product_brand?post=24479"},{"taxonomy":"product_cat","embeddable":true,"href":"https:\/\/www.charmig.nl\/fr\/wp-json\/wp\/v2\/product_cat?post=24479"},{"taxonomy":"product_tag","embeddable":true,"href":"https:\/\/www.charmig.nl\/fr\/wp-json\/wp\/v2\/product_tag?post=24479"}],"curies":[{"name":"wp","href":"https:\/\/api.w.org\/{rel}","templated":true}]}}