{"id":24495,"date":"2026-02-12T16:10:38","date_gmt":"2026-02-12T15:10:38","guid":{"rendered":"https:\/\/www.charmig.nl\/?post_type=product&#038;p=24495"},"modified":"2026-02-24T09:02:54","modified_gmt":"2026-02-24T08:02:54","slug":"vintage-bank-3-zits-teak-creme-deens","status":"publish","type":"product","link":"https:\/\/www.charmig.nl\/fr\/produit\/archives\/vintage-bank-3-zits-teak-creme-deens\/","title":{"rendered":"Canap\u00e9 vintage | 3 places | Teck | Cr\u00e8me | Danois"},"content":{"rendered":"","protected":false},"excerpt":{"rendered":"Magnifique canap\u00e9 vintage 3 places en teck, con\u00e7u dans les ann\u00e9es 1960, dans un style danois distinctif. Ce canap\u00e9 \u00e9l\u00e9gant est incroyablement confortable et constitue un v\u00e9ritable accroche-regard vintage dans n'importe quel int\u00e9rieur.\r\n\r\nLa structure est en teck de haute qualit\u00e9 et pr\u00e9sente des formes organiques caract\u00e9ristiques, avec de beaux joints en bois.\r\n\r\nUn canap\u00e9 2 places et un fauteuil sont \u00e9galement disponibles dans cette s\u00e9rie !\r\n\r\nP\u00e9riode de conception : ann\u00e9es 1960\r\nStyle : Vintage, Mid-century modern\r\nMat\u00e9riau : Tissu, teck\r\nCondition : En bon \u00e9tat vintage, la sellerie pr\u00e9sente des traces d'utilisation en rapport avec l'\u00e2ge du meuble.\r\n\r\nDimensions : Largeur : 187 cm\r\nLargeur : 187 cm\r\nHauteur : 78 cm\r\nProfondeur : 76 cm\r\nHauteur du si\u00e8ge : 38 cm\r\n\r\nNum\u00e9ro d'article : 211845","protected":false},"featured_media":24497,"template":"","meta":{"_acf_changed":false},"product_brand":[],"product_cat":[103],"product_tag":[],"class_list":{"0":"post-24495","1":"product","2":"type-product","3":"status-publish","4":"has-post-thumbnail","6":"product_cat-archief","7":"product_shipping_class-koerier","9":"first","10":"outofstock","11":"shipping-taxable","12":"purchasable","13":"product-type-simple"},"composite_virtual":false,"composite_layout":"","composite_add_to_cart_form_location":"","composite_editable_in_cart":false,"composite_sold_individually_context":"","composite_shop_price_calc":"","composite_components":[],"composite_scenarios":[],"exclude_global_add_ons":[],"addons":[],"acf":[],"yoast_head":null,"yoast_head_json":null,"_links":{"self":[{"href":"https:\/\/www.charmig.nl\/fr\/wp-json\/wp\/v2\/product\/24495","targetHints":{"allow":["GET"]}}],"collection":[{"href":"https:\/\/www.charmig.nl\/fr\/wp-json\/wp\/v2\/product"}],"about":[{"href":"https:\/\/www.charmig.nl\/fr\/wp-json\/wp\/v2\/types\/product"}],"wp:featuredmedia":[{"embeddable":true,"href":"https:\/\/www.charmig.nl\/fr\/wp-json\/wp\/v2\/media\/24497"}],"wp:attachment":[{"href":"https:\/\/www.charmig.nl\/fr\/wp-json\/wp\/v2\/media?parent=24495"}],"wp:term":[{"taxonomy":"product_brand","embeddable":true,"href":"https:\/\/www.charmig.nl\/fr\/wp-json\/wp\/v2\/product_brand?post=24495"},{"taxonomy":"product_cat","embeddable":true,"href":"https:\/\/www.charmig.nl\/fr\/wp-json\/wp\/v2\/product_cat?post=24495"},{"taxonomy":"product_tag","embeddable":true,"href":"https:\/\/www.charmig.nl\/fr\/wp-json\/wp\/v2\/product_tag?post=24495"}],"curies":[{"name":"wp","href":"https:\/\/api.w.org\/{rel}","templated":true}]}}