{"id":24573,"date":"2026-03-04T09:09:24","date_gmt":"2026-03-04T08:09:24","guid":{"rendered":"https:\/\/www.charmig.nl\/?post_type=product&#038;p=24573"},"modified":"2026-03-05T11:48:07","modified_gmt":"2026-03-05T10:48:07","slug":"vintage-ronde-eettafel-xxl-omann-jun-no-55-teak-uitschuifbaar","status":"publish","type":"product","link":"https:\/\/www.charmig.nl\/fr\/produit\/meubles\/vintage-ronde-eettafel-xxl-omann-jun-no-55-teak-uitschuifbaar\/","title":{"rendered":"Table de salle \u00e0 manger ronde XXL | Omann Jun No. 55 | Teck | extensible"},"content":{"rendered":"","protected":false},"excerpt":{"rendered":"Cette table \u00e0 manger multifonctionnelle con\u00e7ue par Omann Jun (mod\u00e8le 55) est incroyablement pratique. Sans les feuilles suppl\u00e9mentaires, c'est une table \u00e0 manger ronde, mais si vous placez 1, 2 ou 3 feuilles suppl\u00e9mentaires entre les deux, elle devient soudain une table ovale \u00e0 laquelle vous pouvez d\u00eener avec toute une compagnie.\r\n\r\nP\u00e9riode de cr\u00e9ation : 1950-1960\r\nStyle : Mid century modern, scandinavian design\r\n\u00c9tat : En bon \u00e9tat vintage.\r\nPays d'origine : Danemark\r\n\r\nDimensions de l'objet.\r\nDiam\u00e8tre : 122 cm\r\nEtendue avec 1 plateau : 172 cm\r\n\u00e9tendu avec 2 lames : 222 cm\r\nprolong\u00e9 avec 3 lames : 272 cm\r\nHauteur : 72 cm\r\n\r\nNum\u00e9ro d'article : 211854","protected":false},"featured_media":24574,"template":"","meta":{"_acf_changed":false},"product_brand":[],"product_cat":[125,105,104],"product_tag":[],"class_list":{"0":"post-24573","1":"product","2":"type-product","3":"status-publish","4":"has-post-thumbnail","6":"product_cat-eettafels","7":"product_cat-tafels","8":"product_cat-meubels","9":"product_shipping_class-koerier","11":"first","12":"instock","13":"shipping-taxable","14":"purchasable","15":"product-type-simple"},"composite_virtual":false,"composite_layout":"","composite_add_to_cart_form_location":"","composite_editable_in_cart":false,"composite_sold_individually_context":"","composite_shop_price_calc":"","composite_components":[],"composite_scenarios":[],"exclude_global_add_ons":[],"addons":[],"acf":[],"yoast_head":null,"yoast_head_json":null,"_links":{"self":[{"href":"https:\/\/www.charmig.nl\/fr\/wp-json\/wp\/v2\/product\/24573","targetHints":{"allow":["GET"]}}],"collection":[{"href":"https:\/\/www.charmig.nl\/fr\/wp-json\/wp\/v2\/product"}],"about":[{"href":"https:\/\/www.charmig.nl\/fr\/wp-json\/wp\/v2\/types\/product"}],"wp:featuredmedia":[{"embeddable":true,"href":"https:\/\/www.charmig.nl\/fr\/wp-json\/wp\/v2\/media\/24574"}],"wp:attachment":[{"href":"https:\/\/www.charmig.nl\/fr\/wp-json\/wp\/v2\/media?parent=24573"}],"wp:term":[{"taxonomy":"product_brand","embeddable":true,"href":"https:\/\/www.charmig.nl\/fr\/wp-json\/wp\/v2\/product_brand?post=24573"},{"taxonomy":"product_cat","embeddable":true,"href":"https:\/\/www.charmig.nl\/fr\/wp-json\/wp\/v2\/product_cat?post=24573"},{"taxonomy":"product_tag","embeddable":true,"href":"https:\/\/www.charmig.nl\/fr\/wp-json\/wp\/v2\/product_tag?post=24573"}],"curies":[{"name":"wp","href":"https:\/\/api.w.org\/{rel}","templated":true}]}}