{"id":24615,"date":"2026-03-05T11:52:38","date_gmt":"2026-03-05T10:52:38","guid":{"rendered":"https:\/\/www.charmig.nl\/?post_type=product&#038;p=24615"},"modified":"2026-03-27T14:15:19","modified_gmt":"2026-03-27T13:15:19","slug":"vintage-ladekast-6-lades-teak","status":"publish","type":"product","link":"https:\/\/www.charmig.nl\/fr\/produit\/meubles\/armoires\/meubles-a-tiroirs\/vintage-ladekast-6-lades-teak\/","title":{"rendered":"Commode vintage | 6 tiroirs | 102 cm | Teck"},"content":{"rendered":"","protected":false},"excerpt":{"rendered":"Commode vintage danoise qui se distingue par son beau design \u00e9pur\u00e9. Les poign\u00e9es simples et \u00e9pur\u00e9es des tiroirs et la couleur chaude du teck conf\u00e8rent \u00e0 ce meuble un aspect raffin\u00e9, typiquement danois.\r\n\r\nGr\u00e2ce \u00e0 ses dimensions, cette commode peut \u00eatre utilis\u00e9e dans diff\u00e9rentes pi\u00e8ces.\r\n\r\nP\u00e9riode de cr\u00e9ation : 1950-1960\r\nStyle : Mid century modern\r\nMat\u00e9riau : Teck\r\n\u00c9tat : En bon \u00e9tat vintage, avec de l\u00e9g\u00e8res traces d'utilisation\r\n\r\nDimensions : Largeur : 92 cm\r\nLargeur : 92 cm\r\nProfondeur : 42 cm\r\nHauteur : 102 cm\r\n\r\nNum\u00e9ro d'article : 211857","protected":false},"featured_media":24616,"template":"","meta":{"_acf_changed":false},"product_brand":[],"product_cat":[113],"product_tag":[],"class_list":{"0":"post-24615","1":"product","2":"type-product","3":"status-publish","4":"has-post-thumbnail","6":"product_cat-ladekasten","7":"product_shipping_class-koerier","9":"first","10":"outofstock","11":"shipping-taxable","12":"purchasable","13":"product-type-simple"},"composite_virtual":false,"composite_layout":"","composite_add_to_cart_form_location":"","composite_editable_in_cart":false,"composite_sold_individually_context":"","composite_shop_price_calc":"","composite_components":[],"composite_scenarios":[],"exclude_global_add_ons":[],"addons":[],"acf":[],"yoast_head":null,"yoast_head_json":null,"_links":{"self":[{"href":"https:\/\/www.charmig.nl\/fr\/wp-json\/wp\/v2\/product\/24615","targetHints":{"allow":["GET"]}}],"collection":[{"href":"https:\/\/www.charmig.nl\/fr\/wp-json\/wp\/v2\/product"}],"about":[{"href":"https:\/\/www.charmig.nl\/fr\/wp-json\/wp\/v2\/types\/product"}],"wp:featuredmedia":[{"embeddable":true,"href":"https:\/\/www.charmig.nl\/fr\/wp-json\/wp\/v2\/media\/24616"}],"wp:attachment":[{"href":"https:\/\/www.charmig.nl\/fr\/wp-json\/wp\/v2\/media?parent=24615"}],"wp:term":[{"taxonomy":"product_brand","embeddable":true,"href":"https:\/\/www.charmig.nl\/fr\/wp-json\/wp\/v2\/product_brand?post=24615"},{"taxonomy":"product_cat","embeddable":true,"href":"https:\/\/www.charmig.nl\/fr\/wp-json\/wp\/v2\/product_cat?post=24615"},{"taxonomy":"product_tag","embeddable":true,"href":"https:\/\/www.charmig.nl\/fr\/wp-json\/wp\/v2\/product_tag?post=24615"}],"curies":[{"name":"wp","href":"https:\/\/api.w.org\/{rel}","templated":true}]}}