{"id":24646,"date":"2026-03-05T12:25:57","date_gmt":"2026-03-05T11:25:57","guid":{"rendered":"https:\/\/www.charmig.nl\/?post_type=product&#038;p=24646"},"modified":"2026-04-14T13:27:06","modified_gmt":"2026-04-14T11:27:06","slug":"vintage-wandkast-teak-90-cm","status":"publish","type":"product","link":"https:\/\/www.charmig.nl\/fr\/produit\/meubles\/armoires\/armoires-murales\/vintage-wandkast-teak-90-cm\/","title":{"rendered":"Armoire murale vintage | Teck | 90 cm"},"content":{"rendered":"","protected":false},"excerpt":{"rendered":"Cette belle armoire vintage n'est pas tr\u00e8s profonde, ce qui la rend parfaite pour une utilisation dans des espaces compacts.\r\n\r\nL'armoire vintage s'int\u00e8gre bien dans n'importe quel int\u00e9rieur, compact mais avec suffisamment d'espace pour vos livres ou votre vaisselle, par exemple. Derri\u00e8re les 2 portes, vous trouverez beaucoup d'espace de rangement.\r\n\r\nP\u00e9riode de conception : 1950-1960\r\nStyle : Vintage, moderne du milieu du si\u00e8cle\r\n\u00c9tat : En bon \u00e9tat. Sur le c\u00f4t\u00e9, l'armoire pr\u00e9sente quelques r\u00e9parations mineures.\r\nDesigner : Sans marque\r\n\r\nLes dimensions\r\nLargeur : 90 cm\r\nProfondeur : 33 cm\r\nHauteur : 77 cm\r\n\r\nNum\u00e9ro d'article : 211860","protected":false},"featured_media":24647,"template":"","meta":{"_acf_changed":false},"product_brand":[],"product_cat":[131],"product_tag":[],"class_list":{"0":"post-24646","1":"product","2":"type-product","3":"status-publish","4":"has-post-thumbnail","6":"product_cat-wandkasten","7":"product_shipping_class-koerier","9":"first","10":"instock","11":"shipping-taxable","12":"purchasable","13":"product-type-simple"},"composite_virtual":false,"composite_layout":"","composite_add_to_cart_form_location":"","composite_editable_in_cart":false,"composite_sold_individually_context":"","composite_shop_price_calc":"","composite_components":[],"composite_scenarios":[],"exclude_global_add_ons":[],"addons":[],"acf":[],"yoast_head":null,"yoast_head_json":null,"_links":{"self":[{"href":"https:\/\/www.charmig.nl\/fr\/wp-json\/wp\/v2\/product\/24646","targetHints":{"allow":["GET"]}}],"collection":[{"href":"https:\/\/www.charmig.nl\/fr\/wp-json\/wp\/v2\/product"}],"about":[{"href":"https:\/\/www.charmig.nl\/fr\/wp-json\/wp\/v2\/types\/product"}],"wp:featuredmedia":[{"embeddable":true,"href":"https:\/\/www.charmig.nl\/fr\/wp-json\/wp\/v2\/media\/24647"}],"wp:attachment":[{"href":"https:\/\/www.charmig.nl\/fr\/wp-json\/wp\/v2\/media?parent=24646"}],"wp:term":[{"taxonomy":"product_brand","embeddable":true,"href":"https:\/\/www.charmig.nl\/fr\/wp-json\/wp\/v2\/product_brand?post=24646"},{"taxonomy":"product_cat","embeddable":true,"href":"https:\/\/www.charmig.nl\/fr\/wp-json\/wp\/v2\/product_cat?post=24646"},{"taxonomy":"product_tag","embeddable":true,"href":"https:\/\/www.charmig.nl\/fr\/wp-json\/wp\/v2\/product_tag?post=24646"}],"curies":[{"name":"wp","href":"https:\/\/api.w.org\/{rel}","templated":true}]}}