{"id":24656,"date":"2026-03-05T12:37:42","date_gmt":"2026-03-05T11:37:42","guid":{"rendered":"https:\/\/www.charmig.nl\/?post_type=product&#038;p=24656"},"modified":"2026-03-05T13:19:02","modified_gmt":"2026-03-05T12:19:02","slug":"4-x-eetkamerstoelen-erik-buch-model-310-teak-opnieuw-gestoffeerd","status":"publish","type":"product","link":"https:\/\/www.charmig.nl\/fr\/produit\/meubles\/sieges\/chaises-de-salle-a-manger\/4-x-eetkamerstoelen-erik-buch-model-310-teak-opnieuw-gestoffeerd\/","title":{"rendered":"4 x chaises de salle \u00e0 manger | Erik Buch | Mod\u00e8le 310 | Teck | retapiss\u00e9"},"content":{"rendered":"","protected":false},"excerpt":{"rendered":"Set van 4 prachtige teak vintage eetkamerstoelen. Deze Deense stoelen zijn ontworpen door Erik Buch, model 310. De set eetkamerstoelen is uitgevoerd in teakhout en zijn opnieuw voorzien van een prachtige groene stof. Heel tijdloos! De stoelen zitten daarnaast heel erg comfortabel.\r\n\r\nStijl: Mid century modern &#8211; Deens design &#8211; Scandinavisch design\r\nMateriaal: Teak\r\nConditie: Zeer goede vintage staat, opnieuw gestoffeerd\r\nOntwerper: Erik Buch, model 310\r\n\r\nAfmetingen:\r\nHoogte: 82 cm\r\nZithoogte: 48 cm\r\nBreedte: 51 cm\r\nDiepte: 53 cm\r\n\r\n<em>Num\u00e9ro d'article : 211862<\/em>","protected":false},"featured_media":24658,"template":"","meta":{"_acf_changed":false},"product_brand":[],"product_cat":[117],"product_tag":[],"class_list":{"0":"post-24656","1":"product","2":"type-product","3":"status-publish","4":"has-post-thumbnail","6":"product_cat-eetkamerstoelen","7":"product_shipping_class-koerier","9":"first","10":"instock","11":"shipping-taxable","12":"purchasable","13":"product-type-simple"},"composite_virtual":false,"composite_layout":"","composite_add_to_cart_form_location":"","composite_editable_in_cart":false,"composite_sold_individually_context":"","composite_shop_price_calc":"","composite_components":[],"composite_scenarios":[],"exclude_global_add_ons":[],"addons":[],"acf":[],"yoast_head":null,"yoast_head_json":null,"_links":{"self":[{"href":"https:\/\/www.charmig.nl\/fr\/wp-json\/wp\/v2\/product\/24656","targetHints":{"allow":["GET"]}}],"collection":[{"href":"https:\/\/www.charmig.nl\/fr\/wp-json\/wp\/v2\/product"}],"about":[{"href":"https:\/\/www.charmig.nl\/fr\/wp-json\/wp\/v2\/types\/product"}],"wp:featuredmedia":[{"embeddable":true,"href":"https:\/\/www.charmig.nl\/fr\/wp-json\/wp\/v2\/media\/24658"}],"wp:attachment":[{"href":"https:\/\/www.charmig.nl\/fr\/wp-json\/wp\/v2\/media?parent=24656"}],"wp:term":[{"taxonomy":"product_brand","embeddable":true,"href":"https:\/\/www.charmig.nl\/fr\/wp-json\/wp\/v2\/product_brand?post=24656"},{"taxonomy":"product_cat","embeddable":true,"href":"https:\/\/www.charmig.nl\/fr\/wp-json\/wp\/v2\/product_cat?post=24656"},{"taxonomy":"product_tag","embeddable":true,"href":"https:\/\/www.charmig.nl\/fr\/wp-json\/wp\/v2\/product_tag?post=24656"}],"curies":[{"name":"wp","href":"https:\/\/api.w.org\/{rel}","templated":true}]}}