{"id":24677,"date":"2026-03-09T15:33:36","date_gmt":"2026-03-09T14:33:36","guid":{"rendered":"https:\/\/www.charmig.nl\/?post_type=product&#038;p=24677"},"modified":"2026-04-23T09:37:41","modified_gmt":"2026-04-23T07:37:41","slug":"6-x-vintage-eetkamerstoelen-niels-otto-moller-model-75-teak","status":"publish","type":"product","link":"https:\/\/www.charmig.nl\/fr\/produit\/meubles\/sieges\/chaises-de-salle-a-manger\/6-x-vintage-eetkamerstoelen-niels-otto-moller-model-75-teak\/","title":{"rendered":"6 x chaises de salle \u00e0 manger vintage | Niels Otto M\u00f8ller | Mod\u00e8le 75 | Teck"},"content":{"rendered":"","protected":false},"excerpt":{"rendered":"Set van 6 prachtige vintage eetkamerstoelen. Deze stoelen zijn ontworpen door Niels Otto M\u00f8ller. De stoelen zijn uitgevoerd in donker teak en hebben deen prachtige warme uitstraling. De stoelen zijn voorzien van nieuw Deens Papercord. Deze klassiekers kunnen weer jaren mee!\r\n\r\nOntwerp periode: 1950 &#8211; 1960\r\nStijl: Mid century modern &#8211; Deens design &#8211; Scandinavisch design \r\nMateriaal: Teak, Deens papercord\r\nConditie: Gerestaureerd, frames zijn nagekeken en voorzien van nieuw papercord. \r\nOntwerper: Niels Otto Moller\r\nFabrikant: JL Mollers Mobelfabrik\r\n\r\nAfmetingen:\r\nHoogte: 75 cm\r\nZithoogte: 45 cm\r\nBreedte: 50 cm\r\nDiepte: 48 cm\r\n\r\n<em>Num\u00e9ro d'article : 211853<\/em>","protected":false},"featured_media":24679,"template":"","meta":{"_acf_changed":false},"product_brand":[],"product_cat":[117],"product_tag":[],"class_list":{"0":"post-24677","1":"product","2":"type-product","3":"status-publish","4":"has-post-thumbnail","6":"product_cat-eetkamerstoelen","7":"product_shipping_class-koerier","9":"first","10":"instock","11":"shipping-taxable","12":"purchasable","13":"product-type-simple"},"composite_virtual":false,"composite_layout":"","composite_add_to_cart_form_location":"","composite_editable_in_cart":false,"composite_sold_individually_context":"","composite_shop_price_calc":"","composite_components":[],"composite_scenarios":[],"exclude_global_add_ons":[],"addons":[],"acf":[],"yoast_head":null,"yoast_head_json":null,"_links":{"self":[{"href":"https:\/\/www.charmig.nl\/fr\/wp-json\/wp\/v2\/product\/24677","targetHints":{"allow":["GET"]}}],"collection":[{"href":"https:\/\/www.charmig.nl\/fr\/wp-json\/wp\/v2\/product"}],"about":[{"href":"https:\/\/www.charmig.nl\/fr\/wp-json\/wp\/v2\/types\/product"}],"wp:featuredmedia":[{"embeddable":true,"href":"https:\/\/www.charmig.nl\/fr\/wp-json\/wp\/v2\/media\/24679"}],"wp:attachment":[{"href":"https:\/\/www.charmig.nl\/fr\/wp-json\/wp\/v2\/media?parent=24677"}],"wp:term":[{"taxonomy":"product_brand","embeddable":true,"href":"https:\/\/www.charmig.nl\/fr\/wp-json\/wp\/v2\/product_brand?post=24677"},{"taxonomy":"product_cat","embeddable":true,"href":"https:\/\/www.charmig.nl\/fr\/wp-json\/wp\/v2\/product_cat?post=24677"},{"taxonomy":"product_tag","embeddable":true,"href":"https:\/\/www.charmig.nl\/fr\/wp-json\/wp\/v2\/product_tag?post=24677"}],"curies":[{"name":"wp","href":"https:\/\/api.w.org\/{rel}","templated":true}]}}